{"id":718,"date":"2021-11-03T12:35:56","date_gmt":"2021-11-03T11:35:56","guid":{"rendered":"http:\/\/twojakancelaria.co\/?page_id=718"},"modified":"2022-04-20T11:50:08","modified_gmt":"2022-04-20T09:50:08","slug":"voucher","status":"publish","type":"page","link":"https:\/\/twojakancelaria.co\/index.php\/voucher\/","title":{"rendered":"VOUCHER"},"content":{"rendered":"\n<p><\/p>\n\n\n\n<h1 class=\"has-text-align-center wp-block-heading\">REGULAMIN WYKORZYSTANIA VOUCHER\u00d3W<\/h1>\n\n\n\n<p>1. Vouchery maj\u0105 warto\u015bci procentowe w przypadku produkt\u00f3w ubezpieczeniowych.<\/p>\n\n\n\n<p>2. Vouchery maj\u0105 okre\u015blony termin wa\u017cno\u015bci.<\/p>\n\n\n\n<p>3. Vouchery s\u0105 jednorazowe, a ich warto\u015b\u0107 si\u0119 nie sumuje.&nbsp;<\/p>\n\n\n\n<p>4. Vouchery mog\u0105 by\u0107 wykorzystane w punkcie partnerskim umieszczonym na Voucherze.&nbsp;<\/p>\n\n\n\n<p>5. Vouchery obowi\u0105zuj\u0105 na wszystkie produkty ubezpieczeniowe i us\u0142ugi finansowania dost\u0119pne w ofercie Twoja Kancelaria Marek \u0141ukaszewski.<\/p>\n\n\n\n<p>6. Vouchery s\u0105 generowane indywidualnie, przypisane do osoby i nie mog\u0105 by\u0107 przedmiotem handlu.<\/p>\n\n\n\n<p>7. Voucher mo\u017ce by\u0107 wykorzystany jedynie w ca\u0142o\u015bci.<\/p>\n\n\n\n<p>8. Vouchery przeznaczone do wykorzystania nale\u017cy przekaza\u0107 obs\u0142udze punktu partnerskiego przy realizacji zakupu, ale przed rozpocz\u0119ciem kalkulacji.<\/p>\n\n\n\n<p>9. Vouchery nie \u0142\u0105cz\u0105 si\u0119 z innymi rabatami oraz innymi promocjami. Mo\u017cliwe jest wykorzystanie maksymalnie jednego voucheru na jeden zakup.<\/p>\n\n\n\n<p>10. Voucher\u00f3w nie mo\u017cna wymienia\u0107 na \u015brodki pieni\u0119\u017cne.<\/p>\n\n\n\n<p>11. Obs\u0142uga punktu sprzeda\u017cy mo\u017ce odm\u00f3wi\u0107 realizacji zam\u00f3wienia w przypadku, gdy zachodz\u0105 w\u0105tpliwo\u015bci odno\u015bnie pochodzenia lub autentyczno\u015bci Vouchera.<\/p>\n\n\n\n<p>12.  Obs\u0142uga punktu sprzeda\u017cy  mo\u017ce odm\u00f3wi\u0107 realizacji zam\u00f3wienia w przypadku, gdy Voucher zosta\u0142 u\u017cyty niezgodnie z regulaminem.<\/p>\n\n\n\n<p>14. Wykorzystuj\u0105c Voucher w procesie zam\u00f3wienia u\u017cytkownik potwierdza, \u017ce zapozna\u0142 si\u0119 z tre\u015bci\u0105 regulaminu oraz zaakceptowa\u0142 jego postanowienia.<\/p>\n\n\n\n<p>15. Vouchery s\u0105 wystawiane imiennie.<\/p>\n\n\n\n<p>16. Z Voucheru skorzysta\u0107 nie mo\u017ce osoba polecaj\u0105ca wskazana w Voucherze. Rabat przys\u0142uguje osobie, dla kt\u00f3rej Voucher zosta\u0142 wystawiony.<\/p>\n\n\n\n<p>17. Osoba polecaj\u0105ca jest uprawniona do osobnego rabatu na tych samych zasadach w ci\u0105gu roku od momentu wykorzystania Voucheru.<\/p>\n\n\n\n<p>18. Voucher dotyczy tylko nowo zawieranych um\u00f3w z przedmiotem ubezpieczenia nie b\u0119d\u0105cym wcze\u015bniej ubezpieczonym za po\u015brednictwem Twoja Kancelaria Marek \u0141ukaszewski z zastrze\u017ceniem, \u017ce wysoko\u015b\u0107 sk\u0142adki na ubezpieczenie jest nie ni\u017csza ni\u017c 250 z\u0142.<\/p>\n\n\n\n<p>19. Rabat 10% wynikaj\u0105cy z wykorzystania Voucheru jest naliczany od ceny standardowej (bez zni\u017cek) i nie mo\u017ce by\u0107 stosowany w celu przebicia aktywnej ju\u017c oferty tego samego ubezpieczyciela. Nie upowa\u017cnia on r\u00f3wnie\u017c do zni\u017cki poni\u017cej ceny minimalnej okre\u015blonej przez towarzystwo ubezpieczeniowe.<\/p>\n\n\n\n<p>20. Voucher mo\u017ce by\u0107 wystawiony oraz przekazany tylko na osob\u0119 fizyczn\u0105.<\/p>\n\n\n\n<p><\/p>\n\n\n\n<p><\/p>\n","protected":false},"excerpt":{"rendered":"<p>REGULAMIN WYKORZYSTANIA VOUCHER\u00d3W 1. Vouchery maj\u0105 warto\u015bci procentowe w przypadku produkt\u00f3w ubezpieczeniowych. 2. Vouchery maj\u0105 okre\u015blony termin wa\u017cno\u015bci. 3. Vouchery s\u0105 jednorazowe, a ich warto\u015b\u0107 si\u0119 nie sumuje.&nbsp; 4. Vouchery mog\u0105 by\u0107 wykorzystane w punkcie partnerskim umieszczonym na Voucherze.&nbsp; 5. Vouchery obowi\u0105zuj\u0105 na wszystkie produkty ubezpieczeniowe i us\u0142ugi finansowania dost\u0119pne w ofercie Twoja Kancelaria Marek &#8230; <a href=\"https:\/\/twojakancelaria.co\/index.php\/voucher\/\" class=\"more-link text-uppercase small\"><strong>Continue Reading<\/strong> <i class=\"fa fa-angle-double-right\" aria-hidden=\"true\"><\/i><\/a><\/p>\n","protected":false},"author":1,"featured_media":0,"parent":0,"menu_order":0,"comment_status":"closed","ping_status":"closed","template":"","meta":{"footnotes":""},"class_list":["post-718","page","type-page","status-publish","hentry"],"_links":{"self":[{"href":"https:\/\/twojakancelaria.co\/index.php\/wp-json\/wp\/v2\/pages\/718","targetHints":{"allow":["GET"]}}],"collection":[{"href":"https:\/\/twojakancelaria.co\/index.php\/wp-json\/wp\/v2\/pages"}],"about":[{"href":"https:\/\/twojakancelaria.co\/index.php\/wp-json\/wp\/v2\/types\/page"}],"author":[{"embeddable":true,"href":"https:\/\/twojakancelaria.co\/index.php\/wp-json\/wp\/v2\/users\/1"}],"replies":[{"embeddable":true,"href":"https:\/\/twojakancelaria.co\/index.php\/wp-json\/wp\/v2\/comments?post=718"}],"version-history":[{"count":9,"href":"https:\/\/twojakancelaria.co\/index.php\/wp-json\/wp\/v2\/pages\/718\/revisions"}],"predecessor-version":[{"id":738,"href":"https:\/\/twojakancelaria.co\/index.php\/wp-json\/wp\/v2\/pages\/718\/revisions\/738"}],"wp:attachment":[{"href":"https:\/\/twojakancelaria.co\/index.php\/wp-json\/wp\/v2\/media?parent=718"}],"curies":[{"name":"wp","href":"https:\/\/api.w.org\/{rel}","templated":true}]}}