{"id":663,"date":"2019-07-13T20:58:18","date_gmt":"2019-07-13T18:58:18","guid":{"rendered":"http:\/\/twojakancelaria.co\/?page_id=663"},"modified":"2019-07-13T21:29:49","modified_gmt":"2019-07-13T19:29:49","slug":"fizjoterapeuci-ochrona-zawodu-fizjoterapeuty","status":"publish","type":"page","link":"https:\/\/twojakancelaria.co\/index.php\/fizjoterapeuci-ochrona-zawodu-fizjoterapeuty\/","title":{"rendered":"Fizjoterapeuci. Ochrona zawodu fizjoterapeuty"},"content":{"rendered":"\n<p>Drogi Fizjoterapeuto,<br> Zgodnie z obowi\u0105zuj\u0105cymi przepisami prawa, mo\u017cesz prowadzi\u0107 dzia\u0142alno\u015b\u0107 gospodarcz\u0105 w formie praktyki fizjoterapeutycznej lub w formie podmiotu leczniczego. Niezale\u017cnie od wybranej formy prowadzenia dzia\u0142alno\u015bci gospodarczej, jeste\u015b zobowi\u0105zany do zawarcia umowy<br> ubezpieczenia odpowiedzialno\u015bci cywilnej (OC).<\/p>\n\n\n\n<p>Bezpieczne i odpowiedzialne wykonywanie zawodu fizjoterapeuty w formie praktyki fizjoterapeutycznej lub podmiotu  leczniczego, jest mo\u017cliwe dzi\u0119ki specjalistycznemu pakietowi ubezpiecze\u0144.<\/p>\n\n\n\n<figure class=\"wp-block-image\"><img loading=\"lazy\" decoding=\"async\" width=\"446\" height=\"590\" src=\"http:\/\/twojakancelaria.co\/wp-content\/uploads\/2019\/07\/66325517_2096325510490339_3155622011217117184_n.jpg\" alt=\"\" class=\"wp-image-664 img-responsive\" srcset=\"https:\/\/twojakancelaria.co\/wp-content\/uploads\/2019\/07\/66325517_2096325510490339_3155622011217117184_n.jpg 446w, https:\/\/twojakancelaria.co\/wp-content\/uploads\/2019\/07\/66325517_2096325510490339_3155622011217117184_n-227x300.jpg 227w\" sizes=\"auto, (max-width: 446px) 100vw, 446px\" \/><\/figure>\n\n\n\n<figure class=\"wp-block-image\"><img loading=\"lazy\" decoding=\"async\" width=\"888\" height=\"429\" src=\"http:\/\/twojakancelaria.co\/wp-content\/uploads\/2019\/07\/Bez-tytu\u0142u.jpg\" alt=\"\" class=\"wp-image-665 img-responsive\" srcset=\"https:\/\/twojakancelaria.co\/wp-content\/uploads\/2019\/07\/Bez-tytu\u0142u.jpg 888w, https:\/\/twojakancelaria.co\/wp-content\/uploads\/2019\/07\/Bez-tytu\u0142u-300x145.jpg 300w, https:\/\/twojakancelaria.co\/wp-content\/uploads\/2019\/07\/Bez-tytu\u0142u-768x371.jpg 768w, https:\/\/twojakancelaria.co\/wp-content\/uploads\/2019\/07\/Bez-tytu\u0142u-750x362.jpg 750w\" sizes=\"auto, (max-width: 888px) 100vw, 888px\" \/><\/figure>\n\n\n\n<h2 class=\"wp-block-heading\"><strong>Pakiet ubezpieczeniowy zapewni Ci:<\/strong><\/h2>\n\n\n\n<ul class=\"wp-block-list\"><li>ochron\u0119 finansow\u0105 na wypadek roszcze\u0144 pacjent\u00f3w<\/li><li>ubezpieczenie wynajmowanego sprz\u0119tu fizjoterapeutycznego<\/li><li>profesjonaln\u0105 pomoc radc\u00f3w prawnych i zwrot koszt\u00f3w obs\u0142ugi prawnej<\/li><li>odszkodowanie w przypadku fizycznej agresji pacjenta<\/li><li>ochron\u0119 finansow\u0105 zwi\u0105zan\u0105 z naruszeniem praw pacjenta<\/li><li>odszkodowanie w przypadku nieszcz\u0119\u015bliwego wypadku<\/li><\/ul>\n\n\n\n<ol class=\"wp-block-list\"><li><strong>Rejestruj\u0119 praktyk\u0119 po 01.06.2019 &#8211; jakie ubezpieczenie mam kupi\u0107?<\/strong><br> Zgodnie z opublikowanym Rozporz\u0105dzeniem Ministra Finans\u00f3w z dnia 29.04.2019 r. (Dz.U.  z 2019 r. poz. 866) musisz kupi\u0107 obowi\u0105zkowe ubezpieczenie OC podmiotu wykonuj\u0105cego dzia\u0142alno\u015b\u0107 lecznicz\u0105. Suma takiego ubezpieczenia musi wynosi\u0107 co najmniej 30.000 euro na jedno i 150.000 euro na wszystkie zdarzenia. INTER Polska jako jedyny ubezpieczyciel na rynku oferuje sumy wy\u017csze ni\u017c minimalna!<\/li><li><strong> Czy ka\u017cdy fizjoterapeuta jest obj\u0119ty obowi\u0105zkiem posiadania polisy OC?<\/strong><br> Ka\u017cdy fizjoterapeuta posiadaj\u0105cy w\u0142asn\u0105 dzia\u0142alno\u015b\u0107 gospodarcz\u0105 musi wykupi\u0107 ubezpieczenie OC. Ubezpieczenie r\u00f3\u017cni si\u0119 wysoko\u015bci\u0105 sumy ubezpieczenia (kwot\u0105 maksymalnej odpowiedzialno\u015bci ubezpieczyciela), w zale\u017cno\u015bci od formy prowadzenia dzia\u0142alno\u015bci. Na podj\u0119cie  decyzji \u2013 czy dzia\u0142a\u0107 jako podmiot leczniczy, czy jako praktyka fizjoterapeutyczna &#8211; masz czas  do 31.10.2019. Do tego czasu musisz tak\u017ce kupi\u0107 ubezpieczenie obowi\u0105zkowe podmiotu wykonuj\u0105cego  dzia\u0142alno\u015b\u0107 lecznicz\u0105. Jako podmiot leczniczy b\u0119dziesz potrzebowa\u0107 wy\u017cszych  sum ubezpieczenia \u2013 minimum 75.000 euro na jedno i 350.000 euro na wszystkie zdarzenia  w okresie ubezpieczenia. Jako praktyka fizjoterapeutyczna b\u0119dziesz potrzebowa\u0107 minimum  30.000 euro na jedno i 150.000 euro na wszystkie zdarzenia w okresie ubezpieczenia. Pami\u0119taj jednak, \u017ce ustawowo wymagane obowi\u0105zkowe ubezpieczenie OC nie chroni od wszystkiego! Maj\u0105c polis\u0119 obowi\u0105zkow\u0105 b\u0119dziesz ubezpieczony tylko w zakresie szk\u00f3d osobowych powsta\u0142ych w nast\u0119pstwie udzielania \u015bwiadcze\u0144 zdrowotnych. To znaczy, \u017ce szkody w mieniu pacjent\u00f3w, czy szkody np. u os\u00f3b postronnych  przebywaj\u0105cych na terenie plac\u00f3wki, nie b\u0119d\u0105 obj\u0119te ochron\u0105. INTER oferuje dobrowolne ubezpieczenie OC dla fizjoterapeut\u00f3w. <\/li><li><strong> Mam podmiot leczniczy &#8211; czy musz\u0119 podj\u0105\u0107 jakie\u015b dzia\u0142ania zwi\u0105zane z ubezpieczeniem po 01.06.2019?<\/strong><br>Nie. Je\u015bli nie chcesz przerejestrowa\u0107 podmiotu i zamienia\u0107 go w praktyk\u0119 fizjoterapeutyczn\u0105 \u2013 nie musisz podejmowa\u0107 \u017cadnych dzia\u0142a\u0144. Obecna polisa ubezpieczenia podmiotu wykonuj\u0105cego dzia\u0142alno\u015b\u0107 lecznicz\u0105 jest wa\u017cna i nie trzeba jej zmienia\u0107. Mo\u017cesz przed jej zako\u0144czeniem sprawdzi\u0107, czy Tw\u00f3j zak\u0142ad ubezpiecze\u0144 oferuje wy\u017csze sumy ubezpieczenia ni\u017c minimalne, wynikaj\u0105ce z rozporz\u0105dzenia Ministra Finans\u00f3w. Obecnie s\u0105 to 75.000 euro na jedno i 350.000 euro na wszystkie zdarzenia w okresie ubezpieczenia. Mo\u017cesz tak\u017ce zastanowi\u0107 si\u0119 nad innymi ubezpieczeniami, kt\u00f3re s\u0105 rekomendowane podmiotom leczniczym \u2013 ubezpieczenie maj\u0105tku firmy czy ubezpieczenie ochrony prawnej.<\/li><li><strong>Chc\u0119 zarejestrowa\u0107 praktyk\u0119 fizjoterapeutyczn\u0105 &#8211; s\u0142ysza\u0142em, \u017ce b\u0119d\u0119 potrzebowa\u0107 ubezpieczenia.<\/strong><br>Tak. Je\u015bli chcesz zarejestrowa\u0107 w Krajowej Izbie Fizjoterapeut\u00f3w praktyk\u0119 fizjoterapeutyczn\u0105 \u2013 pami\u0119taj, \u017ce musisz kupi\u0107 polis\u0119 ubezpieczenia podmiotu wykonuj\u0105cego dzia\u0142alno\u015b\u0107 lecznicz\u0105! Jest to obowi\u0105zek wynikaj\u0105cy z ustawy o dzia\u0142alno\u015bci leczniczej. Warto sprawdzi\u0107, czy Tw\u00f3j zak\u0142ad ubezpiecze\u0144 oferuje wy\u017csze sumy ubezpieczenia ni\u017c minimalne, wynikaj\u0105ce z rozporz\u0105dzenia Ministra Finans\u00f3w. Dla praktyki fizjoterapeutycznej jest to 30.000 euro na jedno i 150.000 euro na wszystkie zdarzenia w okresie ubezpieczenia. Mo\u017cesz tak\u017ce zastanowi\u0107 si\u0119 nad innymi ubezpieczeniami, kt\u00f3re s\u0105 rekomendowane praktykom fizjoterapeutycznym \u2013 ubezpieczenie ochrony prawnej czy te\u017c ubezpieczenie utraty dochod\u00f3w wskutek nieszcz\u0119\u015bliwego wypadku.<\/li><li><strong>Prowadz\u0119 dzia\u0142alno\u015b\u0107 gospodarcz\u0105 &#8211; czy i jakie dzia\u0142ania zwi\u0105zane<br> z ubezpieczeniem musz\u0119 podj\u0105\u0107 po 01.06.2019?<\/strong><br>Wyb\u00f3r ubezpieczenia zale\u017cy od tego, czy w przysz\u0142o\u015bci zamierzasz dzia\u0142a\u0107 jako podmiot leczniczy, czy jako praktyka fizjoterapeutyczna. Na podj\u0119cie decyzji \u2013 czy dzia\u0142a\u0107 jako podmiot leczniczy, czy jako praktyka fizjoterapeutyczna \u2013 masz czas do 31.10.2019. Do tego czasu musisz kupi\u0107 ubezpieczenie obowi\u0105zkowe podmiotu wykonuj\u0105cego dzia\u0142alno\u015b\u0107 lecznicz\u0105. Jako podmiot leczniczy b\u0119dziesz potrzebowa\u0107 wy\u017cszych sum ubezpieczenia \u2013 minimum 75.000 euro na jedno i 350.000 euro na wszystkie zdarzenia w okresie ubezpieczenia. Jako praktyka fizjoterapeutyczna b\u0119dziesz potrzebowa\u0107 minimum 30.000 euro na jedno i 150.000 euro na wszystkie zdarzenia w okresie ubezpieczenia. <\/li><li> <strong>Jakie ubezpieczenie musz\u0119 kupi\u0107 rejestruj\u0105c praktyk\u0119 zawodow\u0105 fizjoterapeutyczn\u0105?<br><\/strong>Rejestruj\u0105c praktyk\u0119 zawodow\u0105 masz obowi\u0105zek kupi\u0107 polis\u0119 ubezpieczenia podmiotu wykonuj\u0105cego dzia\u0142alno\u015b\u0107 lecznicz\u0105. Jest to obowi\u0105zek wynikaj\u0105cy z ustawy o dzia\u0142alno\u015bci leczniczej. Warto sprawdzi\u0107, czy Tw\u00f3j zak\u0142ad ubezpiecze\u0144 oferuje wy\u017csze sumy ubezpieczenia ni\u017c minimalne, wynikaj\u0105ce z rozporz\u0105dzenia Ministra Finans\u00f3w. Dla praktyki fizjoterapeutycznej jest to 30.000 euro na jedno i 150.000 euro na wszystkie zdarzenia w okresie ubezpieczenia.<\/li><li><strong>Lecz\u0119 pacjent\u00f3w prywatnie. Czy musz\u0119 si\u0119 ubezpieczy\u0107 w zakresie OC?<\/strong><br>Zdecydowanie tak! Polisa OC chroni Tw\u00f3j maj\u0105tek w sytuacji, w kt\u00f3rej pope\u0142nisz b\u0142\u0105d w sztuce i s\u0105d uzna, \u017ce musisz naprawi\u0107 szkod\u0119, wyp\u0142acaj\u0105c odszkodowanie, zado\u015b\u0107uczynienie b\u0105d\u017a rent\u0119. Je\u015bli prowadzisz podmiot leczniczy b\u0105d\u017a praktyk\u0119 fizjoterapeutyczn\u0105 \u2013 zrobi to za Ciebie Tw\u00f3j zak\u0142ad ubezpiecze\u0144 (z zachowaniem zasad umowy ubezpieczenia). Musisz jednak spe\u0142ni\u0107 wynikaj\u0105cy z ustawy obowi\u0105zek ubezpieczenia. Ustawodawca w ustawie o dzia\u0142alno\u015bci leczniczej wprowadzi\u0142 obowi\u0105zek posiadania ubezpieczenia obowi\u0105zkowego podmiotu wykonuj\u0105cego dzia\u0142alno\u015b\u0107 lecznicz\u0105. Jedyna r\u00f3\u017cnica jest taka, \u017ce podmiot leczniczy potrzebuje wy\u017cszych sum ubezpieczenia \u2013 minimum 75.000 euro na jedno i 350.000 euro na wszystkie zdarzenia w okresie ubezpieczenia, podczas gdy praktyka fizjoterapeutyczna minimum 30.000 euro na jedno i 150.000 euro na wszystkie zdarzenia w okresie ubezpieczenia. Warto sprawdzi\u0107, czy Tw\u00f3j zak\u0142ad ubezpiecze\u0144 oferuje wy\u017csze sumy ubezpieczenia ni\u017c minimalne, wynikaj\u0105ce z rozporz\u0105dzenia Ministra Finans\u00f3w.<\/li><li><strong> Pracuj\u0119 tylko na etacie. Czy musz\u0119 si\u0119 ubezpieczy\u0107 po 01.06.2019 r.<\/strong><br>Cho\u0107 nie masz takiego obowi\u0105zku, to zastan\u00f3w si\u0119 nad wyborem dobrowolnej polisy OC. Polisa OC chroni Tw\u00f3j maj\u0105tek w sytuacji, w kt\u00f3rej pope\u0142nisz b\u0142\u0105d w sztuce i s\u0105d uzna, \u017ce musisz naprawi\u0107 szkod\u0119, wyp\u0142acaj\u0105c odszkodowanie, zado\u015b\u0107uczynienie b\u0105d\u017a rent\u0119. Jako pracownik etatowy ponosisz odpowiedzialno\u015b\u0107 za szkody wyrz\u0105dzone pracodawcy do wysoko\u015bci 3 Twoich wynagrodze\u0144. Mo\u017ce tak by\u0107 w sytuacji, kiedy szkoda by\u0142a wysoka, a Tw\u00f3j pracodawca nisko ubezpieczony i nie wystarczy\u0142o z jego polisy na pokrycie pe\u0142nej szkody. INTER oferuje dobrowolne ubezpieczenie OC dla fizjoterapeut\u00f3w. <\/li><li> <strong>Po co mi ubezpieczenie odpowiedzialno\u015bci cywilnej?<\/strong><br>Dla ochrony Twoich finans\u00f3w. Polisa OC chroni Tw\u00f3j maj\u0105tek w sytuacji, w kt\u00f3rej pope\u0142nisz b\u0142\u0105d w sztuce i s\u0105d uzna, \u017ce musisz naprawi\u0107 szkod\u0119, wyp\u0142acaj\u0105c odszkodowanie, zado\u015b\u0107uczynienie b\u0105d\u017a rent\u0119. Je\u015bli masz odpowiednio dopasowan\u0105 polis\u0119 \u2013 zrobi to za Ciebie Tw\u00f3j ubezpieczyciel (z zachowaniem zasad umowy ubezpieczenia).<\/li><li><strong>Pracuj\u0119 na etacie i na zleceniu, nie mam dzia\u0142alno\u015bci gospodarczej <br> czy musz\u0119 si\u0119 ubezpieczy\u0107 od OC?<\/strong><br>Cho\u0107 nie masz takiego obowi\u0105zku, to zastan\u00f3w si\u0119 nad wyborem dobrowolnej polisy OC. Polisa OC chroni Tw\u00f3j maj\u0105tek w sytuacji, w kt\u00f3rej pope\u0142nisz b\u0142\u0105d w sztuce i s\u0105d uzna, \u017ce musisz naprawi\u0107 szkod\u0119, wyp\u0142acaj\u0105c odszkodowanie, zado\u015b\u0107uczynienie b\u0105d\u017a rent\u0119. Jako pracownik etatowy ponosisz odpowiedzialno\u015b\u0107 za szkody wyrz\u0105dzone pracodawcy do wysoko\u015bci 3 Twoich wynagrodze\u0144. Mo\u017ce tak by\u0107 w sytuacji, kiedy szkoda by\u0142a wysoka, a Tw\u00f3j pracodawca nisko ubezpieczony i nie wystarczy\u0142o z jego polisy na pokrycie pe\u0142nej szkody. Pracuj\u0105c na zlecenie \u2013 ponosisz odpowiedzialno\u015b\u0107 do pe\u0142nej wysoko\u015bci szkody! INTER oferuje dobrowolne ubezpieczenie OC dla fizjoterapeut\u00f3w. <\/li><li> <strong>Czy je\u015bli kupi\u0119 ubezpieczenie obowi\u0105zkowe, to b\u0119d\u0119 ubezpieczony od wszystkiego?<\/strong><br>Nie! Co prawda spe\u0142nisz wynikaj\u0105cy z ustawy obowi\u0105zek ubezpieczenia, ale nie b\u0119dziesz ubezpieczony od wszystkiego. Ustawodawca w ustawie o dzia\u0142alno\u015bci leczniczej wprowadzi\u0142<br>obowi\u0105zek posiadania ubezpieczenia obowi\u0105zkowego podmiotu wykonuj\u0105cego dzia\u0142alno\u015b\u0107 lecznicz\u0105. Potrzebuj\u0105 go zar\u00f3wno podmiot leczniczy (na sum\u0119 minimum 75.000 euro na jedno i 350.000 euro na wszystkie zdarzenia w okresie ubezpieczenia), jak i praktyka fizjoterapeutyczna (na sum\u0119 minimum 30.000 euro na jedno i 150.000 euro na wszystkie zdarzenia w okresie ubezpieczenia). B\u0119dziesz ubezpieczony tylko w zakresie szk\u00f3d osobowych powsta\u0142ych w nast\u0119pstwie udzielania \u015bwiadcze\u0144 zdrowotnych. To znaczy, \u017ce szkody w mieniu pacjent\u00f3w, czy szkody np. u os\u00f3b postronnych przebywaj\u0105cych na terenie plac\u00f3wki, nie b\u0119d\u0105 obj\u0119te ochron\u0105. Poszukaj zak\u0142adu ubezpiecze\u0144, kt\u00f3ry oferuje dobrowolne ubezpieczenie OC dla fizjoterapeut\u00f3w, a tak\u017ce inne ubezpieczenia przydatne przy prowadzeniu dzia\u0142alno\u015bci gospodarczej. <\/li><li><strong> Co to jest OC?<\/strong><br>OC to odpowiedzialno\u015b\u0107 cywilna. Je\u015bli pope\u0142nisz b\u0142\u0105d w sztuce i s\u0105d uzna, \u017ce jeste\u015b winny wyrz\u0105dzenia szkody, to b\u0119dziesz zobowi\u0105zany j\u0105 naprawi\u0107. W zale\u017cno\u015bci od wyroku s\u0105du b\u0119dziesz musia\u0142<br>naprawi\u0107 szkod\u0119, wyp\u0142acaj\u0105c odszkodowanie (np. koszt operacji, protez, ortez czy lek\u00f3w), cz\u0119sto te\u017c zado\u015b\u0107uczynienie (za b\u00f3l i cierpienie pacjenta), a nawet rent\u0119 (na opiek\u0119 i utrzymanie<br>pacjenta, kt\u00f3ry np. utraci\u0142 mo\u017cliwo\u015b\u0107 pracy). Dlatego warto spe\u0142ni\u0107 obowi\u0105zek ubezpieczenia dla ochrony Twoich finans\u00f3w. Polisa OC chroni Tw\u00f3j maj\u0105tek w sytuacji, w kt\u00f3rej pope\u0142nisz b\u0142\u0105d w sztuce. Je\u015bli masz odpowiednio dopasowany pakiet ubezpiecze\u0144 \u2013 szkod\u0119 naprawi za Ciebie Tw\u00f3j zak\u0142ad ubezpiecze\u0144 (z zachowaniem zasad umowy ubezpieczenia).<\/li><li><strong>Mam OC od dw\u00f3ch miesi\u0119cy. Co si\u0119 stanie z t\u0105 polis\u0105 jak za\u0142o\u017c\u0119 praktyk\u0119?<\/strong><br>Je\u015bli nie masz praktyki fizjoterapeutycznej ani podmiotu leczniczego, to jest to z pewno\u015bci\u0105 polisa dobrowolnego ubezpieczenia OC. W momencie rejestracji podmiotu czy praktyki, b\u0119dziesz musia\u0142 kupi\u0107 ubezpieczenie obowi\u0105zkowe. Sprawd\u017a, czy tw\u00f3j zak\u0142ad ubezpiecze\u0144 oferuje mo\u017cliwo\u015b\u0107 rozwi\u0105zania aktualnej polisy dobrowolnej i przeniesienia cz\u0119\u015bci sk\u0142adki w poczet nowej polisy obowi\u0105zkowej.<\/li><li><strong>Czy jak z\u0142ami\u0119 sobie r\u0119k\u0119 i przez miesi\u0105c nie b\u0119d\u0119 m\u00f3g\u0142 przyjmowa\u0107 pacjent\u00f3w w swoim prywatnym gabinecie, to czy z polisy OC dostan\u0119 jakie\u015b pieni\u0105dze?<\/strong><br>Nie. Kupuj\u0105c polis\u0119 obowi\u0105zkow\u0105 spe\u0142nisz wynikaj\u0105cy z ustawy<br>obowi\u0105zek ubezpieczenia, ale pami\u0119taj, \u017ce nie b\u0119dziesz<br>ubezpieczony od wszystkiego! B\u0119dziesz ubezpieczony tylko w zakresie szk\u00f3d osobowych u os\u00f3b trzecich. To znaczy, \u017ce Twoje zdrowie i \u017cycie oraz utracone przez Ciebie dochody nie s\u0105 obj\u0119te polis\u0105 obowi\u0105zkow\u0105. Dlatego poszukaj zak\u0142adu ubezpiecze\u0144, kt\u00f3ry oferuje mo\u017cliwo\u015b\u0107 ubezpieczenia si\u0119 od utraty przychod\u00f3w wskutek nieszcz\u0119\u015bliwego wypadku. <\/li><li><strong> Czy ka\u017cde OC obowi\u0105zkowe jest takie samo?<\/strong><br>Tak, je\u017celi chodzi o zakres. Kupuj\u0105c polis\u0119 obowi\u0105zkow\u0105 spe\u0142nisz wynikaj\u0105cy z ustawy obowi\u0105zek ubezpieczenia, ale pami\u0119taj, \u017ce nie b\u0119dziesz ubezpieczony od wszystkiego. B\u0119dziesz ubezpieczony tylko w zakresie szk\u00f3d osobowych powsta\u0142ych w nast\u0119pstwie udzielania \u015bwiadcze\u0144 zdrowotnych. To znaczy, \u017ce szkody w mieniu pacjent\u00f3w, czy szkody np. u os\u00f3b postronnych przebywaj\u0105cych na terenie plac\u00f3wki, nie b\u0119d\u0105 obj\u0119te ochron\u0105. Pami\u0119taj r\u00f3wnie\u017c, \u017ce Ustawodawca zr\u00f3\u017cnicowa\u0142 minimalne sumy ubezpieczenia &#8211; dla podmiot\u00f3w leczniczych jest to minimum 75.000 euro na jedno i 350.000 euro na wszystkie zdarzenia w okresie ubezpieczenia), a dla praktyki fizjoterapeutycznej jest to minimum 30.000 euro na jedno i 150.000 euro na wszystkie zdarzenia w okresie ubezpieczenia. Dlatego poszukaj zak\u0142adu ubezpiecze\u0144, kt\u00f3ry oferuje mo\u017cliwo\u015b\u0107 ubezpieczenia si\u0119 na wy\u017csze sumy ubezpieczenia ni\u017c minimalne, bo jako niezale\u017cny zaw\u00f3d medyczny ponosisz odpowiedzialno\u015b\u0107 za \u017cycie i zdrowie swoich pacjent\u00f3w!<\/li><\/ol>\n\n\n\n<h2 class=\"wp-block-heading\">Ochrona prawna r\u00f3wnie wa\u017cna!<\/h2>\n\n\n\n<p> \u201eWykupi\u0142am dla niepe\u0142nosprawnej ruchowo c\u00f3rki rehabilitacj\u0119 u prywatnego fizjoterapeuty pakiet pi\u0119ciu wizyt, \u0107wiczenia ko\u0144czyn g\u00f3rnych Po trzecim spotkaniu c\u00f3rk\u0119 rozbola\u0142 nadgarstek, do tego stopnia, \u017ce nie by\u0142a w stanie nim ruszy\u0107, pojawi\u0142a si\u0119 opuchlizna. C\u00f3rka nie mog\u0142a nic przy sobie zrobi\u0107, musia\u0142am p\u00f3j\u015b\u0107 na urlop, bo nawet nie by\u0142a w stanie przesiada\u0107 si\u0119 z w\u00f3zka. Lekarz stwierdzi\u0142 naderwanie \u015bci\u0119gna Czy mog\u0119 \u017c\u0105da\u0107 zwrotu kosztu od fizjoterapeuty za ca\u0142y pakiet i czy mog\u0119 wnioskowa\u0107 o odszkodowanie dla c\u00f3rki?\u201d<br> *http:\/\/www.niepelnosprawni.pl\/ledge\/x\/439560<\/p>\n\n\n\n<p>\u201eKilka dni temu m\u00f3j dziadek mia\u0142 operacj\u0119 biodra Pomimo wieku wszystko sko\u0144czy\u0142o si\u0119 pomy\u015blnie i dzi\u015b zacz\u0119\u0142a si\u0119 rehabilitacja. Podczas chodzenia z kulami przy rehabilitancie dziadek s\u0142abo si\u0119 poczu\u0142 i zacz\u0105\u0142 powoli mdle\u0107 (serce ju\u017c nie to co kiedy\u015b). Rehabilitant kaza\u0142 mu usi\u0105\u015b\u0107 na krze\u015ble. Dziadek usiad\u0142 a po chwili s\u0142abn\u0105c dalej osun\u0105\u0142 si\u0119 z niego i upad\u0142 na pod\u0142og\u0119 Upadek spowodowa\u0142, \u017ce biodro z powrotem si\u0119 rozsypa\u0142o i dziadka czeka<br>druga operacja. Na dodatek przez k\u0142opoty z sercem nie mo\u017ce dostawa\u0107 zbyt du\u017co lek\u00f3w przeciwb\u00f3lowych a operacji nie b\u0119dzie mo\u017cna zrobi\u0107 dop\u00f3ki serce nie b\u0119dzie w dobrym stanie, \u017ceby wytrzyma\u0107 narkoz\u0119 Czyli w skr\u00f3cie podczas pierwszego dnia rehabilitacji rehabilitant zafundowa\u0142 dziadkowi m\u0119czarnie w oczekiwaniu na drug\u0105 operacj\u0119 Czy jest szansa domaga\u0107 si\u0119<br> czego\u015b od fizjoterapeuty i szpitala (publicznego)?<br> *https:\/\/forumprawne.org\/<\/p>\n\n\n\n<p>Pacjent Dawid S \u017c\u0105da zado\u015b\u0107uczynienia za b\u00f3l i krzywd\u0119 doznan\u0105 w zwi\u0105zku ze z\u0142amaniem nogi do kt\u00f3rego dosz\u0142o podczas \u0107wicze\u0144 rehabilitacyjnych. Do zdarzenia dosz\u0142o na skutek u\u017cycia nadmiernej si\u0142y przez prowadz\u0105c\u0105 \u0107wiczenia fizjoterapeutk\u0119 Magdalen\u0119 P. Pozew na 20 tys z\u0142, sp\u00f3r w toku.<\/p>\n\n\n\n<p>Pacjentka Janina S. dozna\u0142a z\u0142amania ko\u015bci pi\u0119towej w nast\u0119pstwie zabieg\u00f3w rehabilitacyjnych przeprowadzonych. Pozew opiewa na 20 ty\u015b z\u0142, sprawa s\u0105dowa w toku.<br> <br>Podczas jednego z zabieg\u00f3w dosz\u0142o do poparzenia ko\u0144czyny na skutek zbyt du\u017cej temperatury jak\u0105 generowa\u0142o urz\u0105dzenie rehabilitacyjne. Pozew na 15 500 PLN, sprawa w toku.<\/p>\n\n\n\n<p>Pacjentka po turnusie fizjoterapeutycznym narzeka na uszkodzony w trakcie terapii obojczyk. Wp\u0142ywa przeds\u0105dowe wezwanie do zap\u0142aty 30 tys z\u0142. Nie do ko\u0144ca wiadomo, kt\u00f3ry z fizjoterapeut\u00f3w udziela\u0142 \u015bwiadcze\u0144, braki<br> dokumentacyjne, pracuj\u0105 na &#8220;zleceniach&#8221;. Pewne jest, \u017ce \u015bwiadcze\u0144 udziela\u0142 w\u0142a\u015bciciel plac\u00f3wki fizjoterapeutycznej, kt\u00f3rym jest lekarz&#8230; weterynarz (kursy fizjoterapeutyczne sprzed wielu lat, zatrudnieni fizjoterapeuci twierdz\u0105, ze doskona\u0142y fachowiec).<\/p>\n\n\n\n<p>\uf0a7 3394 liczba spraw prowadzonych w Prokuraturze o b\u0142\u0119dy medyczne w 2015 r.<br> \uf0a7 W 2016 r prokuraturach powo\u0142ano samodzielne wydzia\u0142y zajmuj\u0105ce si\u0119 prowadzeniem i nadzorowaniem spraw dotycz\u0105cych b\u0142\u0119d\u00f3w medycznych<br> \uf0a7 W 2016 prowadzono w prokuraturach 4963 post\u0119powania dotycz\u0105ce b\u0142\u0119d\u00f3w medycznych To w por\u00f3wnaniu z rokiem 2015 wzrost o 45 proc<br> \uf0a7 W 2017 r prokuratury w ca\u0142ym kraju prowadzi\u0142y 5678 post\u0119powa\u0144 dotycz\u0105cych b\u0142\u0119d\u00f3w medycznych To o 15 proc wi\u0119cej ni\u017c w 2016 r<\/p>\n","protected":false},"excerpt":{"rendered":"<p>Drogi Fizjoterapeuto, Zgodnie z obowi\u0105zuj\u0105cymi przepisami prawa, mo\u017cesz prowadzi\u0107 dzia\u0142alno\u015b\u0107 gospodarcz\u0105 w formie praktyki fizjoterapeutycznej lub w formie podmiotu leczniczego. Niezale\u017cnie od wybranej formy prowadzenia dzia\u0142alno\u015bci gospodarczej, jeste\u015b zobowi\u0105zany do zawarcia umowy ubezpieczenia odpowiedzialno\u015bci cywilnej (OC). Bezpieczne i odpowiedzialne wykonywanie zawodu fizjoterapeuty w formie praktyki fizjoterapeutycznej lub podmiotu leczniczego, jest mo\u017cliwe dzi\u0119ki specjalistycznemu pakietowi ubezpiecze\u0144. &#8230; <a href=\"https:\/\/twojakancelaria.co\/index.php\/fizjoterapeuci-ochrona-zawodu-fizjoterapeuty\/\" class=\"more-link text-uppercase small\"><strong>Continue Reading<\/strong> <i class=\"fa fa-angle-double-right\" aria-hidden=\"true\"><\/i><\/a><\/p>\n","protected":false},"author":1,"featured_media":0,"parent":0,"menu_order":0,"comment_status":"closed","ping_status":"closed","template":"","meta":{"footnotes":""},"class_list":["post-663","page","type-page","status-publish","hentry"],"_links":{"self":[{"href":"https:\/\/twojakancelaria.co\/index.php\/wp-json\/wp\/v2\/pages\/663","targetHints":{"allow":["GET"]}}],"collection":[{"href":"https:\/\/twojakancelaria.co\/index.php\/wp-json\/wp\/v2\/pages"}],"about":[{"href":"https:\/\/twojakancelaria.co\/index.php\/wp-json\/wp\/v2\/types\/page"}],"author":[{"embeddable":true,"href":"https:\/\/twojakancelaria.co\/index.php\/wp-json\/wp\/v2\/users\/1"}],"replies":[{"embeddable":true,"href":"https:\/\/twojakancelaria.co\/index.php\/wp-json\/wp\/v2\/comments?post=663"}],"version-history":[{"count":4,"href":"https:\/\/twojakancelaria.co\/index.php\/wp-json\/wp\/v2\/pages\/663\/revisions"}],"predecessor-version":[{"id":670,"href":"https:\/\/twojakancelaria.co\/index.php\/wp-json\/wp\/v2\/pages\/663\/revisions\/670"}],"wp:attachment":[{"href":"https:\/\/twojakancelaria.co\/index.php\/wp-json\/wp\/v2\/media?parent=663"}],"curies":[{"name":"wp","href":"https:\/\/api.w.org\/{rel}","templated":true}]}}