{"id":448,"date":"2017-08-16T20:18:22","date_gmt":"2017-08-16T18:18:22","guid":{"rendered":"http:\/\/twojakancelaria.co\/?page_id=448"},"modified":"2017-08-16T20:31:58","modified_gmt":"2017-08-16T18:31:58","slug":"polisy-posagowe","status":"publish","type":"page","link":"https:\/\/twojakancelaria.co\/index.php\/polisy-posagowe\/","title":{"rendered":"Polisy posagowe dla dzieci"},"content":{"rendered":"<p>Jako rodzic wiesz, \u017ce najwa\u017cniejszym skarbem w Twoim \u017cyciu jest Twoje dziecko. Jeszcze przed narodzeniem dziecka robisz wszystko, aby ju\u017c w niemowl\u0119ctwie zapewni\u0107 mu wygodne \u017cycie. Poszukiwanie idealnego w\u00f3zka, naj\u0142agodniejszych kosmetyk\u00f3w i najwygodniejszych ubranek sp\u0119dza sen z oczu niejednej mamie. Kiedy dziecko jest ju\u017c na \u015bwiecie, rodzice dbaj\u0105 nie tylko o jego aktualne potrzeby, lecz tak\u017ce my\u015bl\u0105 ju\u017c o tym, w jaki spos\u00f3b zabezpieczy\u0107 jego byt w przysz\u0142o\u015bci.<\/p>\n<p>Tu\u017c po narodzinach nie spos\u00f3b my\u015ble\u0107 o tym, co b\u0119dzie za osiemna\u015bcie czy dwadzie\u015bcia lat. Nie jeste\u015bmy w stanie przewidzie\u0107 swoich mo\u017cliwo\u015bci finansowych, stanu zdrowia ani rozwoju naszej kariery zawodowej. Nie mo\u017cemy r\u00f3wnie\u017c przewidzie\u0107 tego, jak rysowa\u0107 b\u0119dzie si\u0119 rynek mieszkaniowy, jak wygl\u0105da\u0107 b\u0119d\u0105 warunki dotycz\u0105ce studi\u00f3w czy pracy. Nie mamy poj\u0119cia jaki start w doros\u0142e \u017cycie czeka nasze nowonarodzone dziecko. <strong>Ale ju\u017c teraz mo\u017cemy zadba\u0107 o to, by u\u0142atwi\u0107 mu kiedy\u015b ten trudny moment, jakim jest krok w doros\u0142o\u015b\u0107.<\/strong><\/p>\n<p>Wej\u015bcie dziecka w doros\u0142o\u015b\u0107 wi\u0105\u017ce si\u0119 z du\u017cymi wydatkami. Co zrobisz gdy twoje dziecko zdecyduje si\u0119 wyprowadzi\u0107, zamieszka\u0107 w innym mie\u015bcie, p\u00f3j\u015b\u0107 na studia, za\u0142o\u017cy\u0107 rodzin\u0119? Zastanawia\u0142e\u015b si\u0119 ju\u017c, jak\u0105 przysz\u0142o\u015b\u0107 mo\u017cesz zagwarantowa\u0107 swojemu dziecku? Na pewno zamierzasz zapewni\u0107 mu mo\u017cliwo\u015b\u0107 studiowania na wymarzonej uczelni. <strong>Nawet je\u017celi wysoko\u015b\u0107 Twoich obecnych dochod\u00f3w pozwala Ci zapomnie\u0107 o tym problemie, nie masz pewno\u015bci, \u017ce tak b\u0119dzie zawsze.<\/strong> Nikt nie jest w stanie zagwarantowa\u0107, \u017ce w momencie rozpocz\u0119cia studi\u00f3w przez Twoje dziecko, b\u0119dziesz m\u00f3g\u0142 zapewni\u0107 mu comiesi\u0119czn\u0105 kwot\u0119 pokrywaj\u0105c\u0105 koszty utrzymania i studiowania w obcym mie\u015bcie. Powody, dla kt\u00f3rych rodzina traci p\u0142ynno\u015b\u0107 ekonomiczn\u0105 s\u0105 r\u00f3\u017cne: utrata pracy, ci\u0119\u017cka choroba, wypadek, \u015bmier\u0107. A m\u0142ody cz\u0142owiek przewa\u017cnie nie ma dochod\u00f3w, za\u015b dla jego rodzic\u00f3w wydatki takie mog\u0105 by\u0107 zbyt du\u017cym obci\u0105\u017ceniem.<\/p>\n<p><img loading=\"lazy\" decoding=\"async\" class=\" wp-image-437 alignleft img-responsive\" src=\"http:\/\/twojakancelaria.co\/wp-content\/uploads\/2017\/08\/college_graduate001-2.jpg\" alt=\"\" width=\"762\" height=\"528\" srcset=\"https:\/\/twojakancelaria.co\/wp-content\/uploads\/2017\/08\/college_graduate001-2.jpg 3500w, https:\/\/twojakancelaria.co\/wp-content\/uploads\/2017\/08\/college_graduate001-2-300x208.jpg 300w, https:\/\/twojakancelaria.co\/wp-content\/uploads\/2017\/08\/college_graduate001-2-768x532.jpg 768w, https:\/\/twojakancelaria.co\/wp-content\/uploads\/2017\/08\/college_graduate001-2-1024x709.jpg 1024w, https:\/\/twojakancelaria.co\/wp-content\/uploads\/2017\/08\/college_graduate001-2-750x519.jpg 750w\" sizes=\"auto, (max-width: 762px) 100vw, 762px\" \/><\/p>\n<p>Wielu z nas oczywi\u015bcie chcia\u0142oby odk\u0142ada\u0107 na studia lub zakup mieszkania dla swoich dzieci. Jednak codzienne \u017cycie ci\u0105gle miesza nasze plany, powoduj\u0105c \u017ce nasze pieni\u0105dze zostaj\u0105 przeznaczone na inne potrzeby. <strong>Nieregularno\u015b\u0107 w oszcz\u0119dzaniu najcz\u0119\u015bciej przyczynia si\u0119 do zaprzestania\u00a0gromadzenia oszcz\u0119dno\u015bci, a na to nie mo\u017cemy sobie pozwoli\u0107, my\u015bl\u0105c o przysz\u0142o\u015bci naszego dziecka.<\/strong><\/p>\n<p>Wed\u0142ug bada\u0144 ponad \u00be respondent\u00f3w nie odk\u0142ada jakichkolkwiek \u015brodk\u00f3w finansowych z my\u015bl\u0105 o przysz\u0142o\u015bci swoich pociech. Dodatkowo, tylko niespe\u0142na po\u0142owa badanych deklaruje, \u017ce zacznie oszcz\u0119dza\u0107 z my\u015bl\u0105 o przysz\u0142ych potrzebach swoich dzieci. Tymczasem wi\u0119kszo\u015b\u0107 zgodnie przewiduje, \u017ce koszty utrzymania dzieci w przysz\u0142o\u015bci wzrosn\u0105. Mo\u017cna zauwa\u017cy\u0107, i\u017c\u00a0intelektualnie jeste\u015bmy przekonani, \u017ce musimy oszcz\u0119dza\u0107, bo to jedyna mo\u017cliwo\u015b\u0107, \u017ceby w przysz\u0142o\u015bci m\u00f3c zrealizowa\u0107 za\u0142o\u017cenia zwi\u0105zane z dzie\u0107mi. Jednak niewielu z nas potrafi systematyczne, ka\u017cdego dnia, tygodnia, miesi\u0105ca oszcz\u0119dza\u0107 i doprowadza\u0107 do odk\u0142adania pewnej kwoty pieni\u0119dzy. Mo\u017ce warto zatem rozwa\u017cy\u0107 skorzystanie z pomocy z zewn\u0105trz? Bez zawartej polisy zapewne ci\u0119\u017cko by\u0142oby zdyscyplinowa\u0107 si\u0119 do sumiennego odk\u0142adania nawet niewielkich sum.<\/p>\n<p>Ubezpieczenie posagowe\u00a0nie tylko pozwoli pomno\u017cy\u0107 odk\u0142adane przez Ciebie systematycznie pieni\u0105dze, ale tak\u017ce ochroni\u0107 Twoje dziecko przed skutkami Twojej \u015bmierci b\u0105d\u017a nieszcz\u0119\u015b\u0107, kt\u00f3rych efektem b\u0119dzie Twoja niezdolno\u015b\u0107 do pracy.<\/p>\n<p><strong>Ubezpieczenie posagowe pe\u0142ni r\u00f3wnie\u017c inn\u0105 wa\u017cn\u0105 rol\u0119: mobilizuje do wcze\u015bniejszego zaplanowania wydatk\u00f3w zwi\u0105zanych z przysz\u0142ym rozwojem dziecka i do realizacji tego planu<\/strong>. A jak wiadomo, pierwszy krok jest zawsze najtrudniejszy. To rozwi\u0105zanie dla os\u00f3b, kt\u00f3re chc\u0105 pewnej ochrony w postaci zagwarantowanej sumy ubezpieczenia, kt\u00f3r\u0105 otrzyma twoje dziecko po up\u0142yni\u0119ciu okresu na jaki zosta\u0142a zawarta umowa ubezpieczenia.<\/p>\n<h3><strong>Dla kogo jest przeznaczone ubezpieczenie posagowe?<\/strong><\/h3>\n<p>Polisa posagowa z pewno\u015bci\u0105 jest ubezpieczeniem, kt\u00f3re nale\u017cy wzi\u0105\u0107 pod uwag\u0119 rozwa\u017caj\u0105c nad przysz\u0142o\u015bci\u0105 finansow\u0105 dziecka. Jak sama nazwa wskazuje, chodzi o posag, czyli zgromadzenie maj\u0105tku. Polisa ma u\u0142atwi\u0107 rodzicom zapewnienie dzieciom \u0142atwiejszego startu w doros\u0142o\u015b\u0107. Dodatkowo zabezpiecza r\u00f3wnie\u017c na wypadek naszej \u015bmierci, kiedy pieni\u0105dze z pewno\u015bci\u0105 b\u0119d\u0105 jeszcze bardziej przydatne. Podkre\u015bli\u0107 nale\u017cy to, i\u017c polis\u0119 nale\u017cy wybra\u0107 z rozwag\u0105, decyduj\u0105c si\u0119 tylko na tak\u0105 ofert\u0119, kt\u00f3ra w pe\u0142ni zaspokoi potrzeby nasze i naszego dziecka.<\/p>\n<p>Zakup tego rodzaju polisy jest najbardziej korzystny w momencie, gdy dziecko jest jeszcze ma\u0142e. Dlaczego? Poniewa\u017c im wcze\u015bniej rodzic pomy\u015bli o polisie, tym wi\u0119cej pieni\u0119dzy \u2013 zak\u0142adaj\u0105c systematyczne dokonywanie sk\u0142adek w sta\u0142ej wysoko\u015bci \u2013 otrzyma potomek w chwili zako\u0144czenia umowy. Dziecko mo\u017ce zosta\u0107 uposa\u017cone od dnia narodzin, jednak nie mo\u017ce mie\u0107 wi\u0119cej ni\u017c 18-25 lat.<\/p>\n<p>Polisa posagowa to jeden z najlepszych prezent\u00f3w jaki nie tylko rodzice s\u0105 w stanie\u00a0podarowa\u0107 swoim dzieciom. Mog\u0105 to zrobi\u0107 zar\u00f3wno dziadkowie, chrzestni, przyjaciele rodziny, jak i opiekunowie prawni. Troska o przysz\u0142o\u015b\u0107 objawia si\u0119 w ich odpowiednim wychowaniu i w zapewnieniu edukacji, a tak\u017ce w zadbaniu o to, aby mia\u0142y dobry i pewny start w doros\u0142o\u015b\u0107. Zapracowani rodzice cz\u0119sto \u017cyj\u0105cy na kredyt nie zawsze s\u0105 w stanie pokry\u0107 finansowych zobowi\u0105za\u0144 wobec ubezpieczyciela.<\/p>\n<p>G\u0142\u00f3wnymi powodami dlaczego ubezpieczenie posagowe jest potrzebne s\u0105:<\/p>\n<h4 style=\"text-align: left;\"><span style=\"color: #000080;\">Pow\u00f3d 1:\u00a0zabezpieczenie przysz\u0142o\u015bci dziecka na wypadek \u015bmierci rodzica.<\/span><\/h4>\n<h4 style=\"text-align: left;\"><span style=\"color: #000080;\">Pow\u00f3d 2:\u00a0oszcz\u0119dno\u015b\u0107 pieni\u0119dzy z my\u015bl\u0105 o dziecku, kapita\u0142 na start.<\/span><\/h4>\n<h4 style=\"text-align: left;\"><span style=\"color: #000080;\">Pow\u00f3d 3:\u00a0\u015brodki\u00a0na dowolny cel<\/span><\/h4>\n<h4 style=\"text-align: left;\"><span style=\"color: #000080;\">Pow\u00f3d 4:\u00a0zwolnienie z podatku od zysk\u00f3w kapita\u0142owych (tzw. \u201eBelki\u201d)<\/span><\/h4>\n<h4 style=\"text-align: left;\"><span style=\"color: #000080;\">Pow\u00f3d 5: nawyk regularnego oszcz\u0119dzania<\/span><\/h4>\n<h4 style=\"text-align: left;\"><span style=\"color: #000080;\">Pow\u00f3d 6: lekcja\u00a0odpowiedzialno\u015bci dla dziecka<\/span><\/h4>\n<h3><strong>Jak dzia\u0142a ubezpieczenie posagowe?<\/strong><\/h3>\n<p>Ubezpieczenie dzieci jest produktem z\u0142o\u017conym, a oferta ubezpieczycieli jest bardzo zr\u00f3\u017cnicowana. Zak\u0142ady ubezpiecze\u0144 przewa\u017cnie daj\u0105 mo\u017cliwo\u015b\u0107 wyboru modelu ubezpieczenia, kt\u00f3re s\u0105 r\u00f3\u017cne pod wzgl\u0119dem poziomu ochrony i stopnia uzyskanych zysk\u00f3w na koniec umowy. Dzi\u0119ki temu ubezpieczony ma mo\u017cliwo\u015b\u0107 dobrania ubezpieczenia, kt\u00f3re b\u0119dzie odpowiada\u0142o indywidualnym potrzebom i oczekiwaniom. Jednak\u017ce wszystkie dost\u0119pne polisy posagowe maj\u0105 wsp\u00f3lne cechy. To fundator decyduje, jak szerok\u0105 ochron\u0119 chce zapewni\u0107 dziecku. W pewnym sensie ubezpieczenie posagowe jest swojego rodzaju ubezpieczeniem na \u017cycie i do\u017cycie &#8211; ubezpieczonym w tym wypadku jest rodzic i jego \u017cycie oraz do\u017cycie przez dziecka okre\u015blonego wieku.<\/p>\n<p><img loading=\"lazy\" decoding=\"async\" class=\"aligncenter size-full wp-image-452 img-responsive\" src=\"http:\/\/twojakancelaria.co\/wp-content\/uploads\/2017\/08\/posag.jpg\" alt=\"\" width=\"991\" height=\"411\" srcset=\"https:\/\/twojakancelaria.co\/wp-content\/uploads\/2017\/08\/posag.jpg 991w, https:\/\/twojakancelaria.co\/wp-content\/uploads\/2017\/08\/posag-300x124.jpg 300w, https:\/\/twojakancelaria.co\/wp-content\/uploads\/2017\/08\/posag-768x319.jpg 768w, https:\/\/twojakancelaria.co\/wp-content\/uploads\/2017\/08\/posag-750x311.jpg 750w\" sizes=\"auto, (max-width: 991px) 100vw, 991px\" \/><\/p>\n<p>Ubezpieczenie daje gwarancj\u0119, \u017ce gdyby rodzica zabrak\u0142o lub gdyby nie m\u00f3g\u0142 zarabia\u0107 z powodu wypadku b\u0105d\u017a ci\u0119\u017ckiej choroby, dziecko i tak \u2013 po osi\u0105gni\u0119ciu wieku okre\u015blonego w umowie \u2013 dostanie ustalon\u0105 sum\u0119 pieni\u0119dzy na studia, mieszkanie czy inne potrzeby.\u00a0Taka opcja gwarantuje Ci r\u00f3wnie\u017c spok\u00f3j psychiczny \u2013 masz pewno\u015b\u0107, \u017ce bez wzgl\u0119du na to, co si\u0119 z Tob\u0105 stanie, Twoje dziecko ma zapewnion\u0105 rent\u0119. Zwykle jest ona wielokrotnie wy\u017csza od sumy wp\u0142aconych przez rodzica sk\u0142adek. Drug\u0105 cz\u0119\u015bci\u0105 ka\u017cdej polisy posagowej jest gromadzenie kapita\u0142u wyp\u0142acanego po zako\u0144czeniu umowy. Pieni\u0105dze otrzymane z polisy s\u0105 najcz\u0119\u015bciej wykorzystywane na bie\u017c\u0105ce potrzeby m\u0142odego cz\u0142owieka, g\u0142\u00f3wnie zwi\u0105zane z edukacj\u0105 (czesne za studia, op\u0142acenie akademika, zakup ksi\u0105\u017cek, nowego komputera itd.) lub startem w doros\u0142o\u015b\u0107 (pierwszy u\u017cywany samoch\u00f3d, pierwsze samodzielne mieszkanie, \u015blub itd.).<\/p>\n<p>Polisa inwestycyjna na dziecko to \u015bwietna decyzja. Zabezpiecza ona nasze dziecko na czas trwania umowy, a na zako\u0144czenie umowy zostaje wyp\u0142acona pe\u0142na suma \u015brodk\u00f3w zebranych w czasie jej trwania. Im wcze\u015bniej zaczniemy, tym lepszy efekt inwestycyjny osi\u0105gniemy. Je\u015bli pomy\u015blimy o tym ju\u017c w pierwszych latach \u017cycia dziecka, nawet niewielkie sk\u0142adki mog\u0105 zbudowa\u0107 spory kapita\u0142.<\/p>\n<p>Umowa\u00a0jest podpisywana na okre\u015blony czas zazwyczaj nie kr\u00f3cej ni\u017c 5 lat z mo\u017cliwo\u015bci\u0105 rezygnacji w ka\u017cdym momencie. Najlepszym momentem na zakup\u00a0polisy posagowej\u00a0s\u0105 narodziny dziecka. Ostatni dzwonek to okres, gdy\u00a0p\u00f3jdzie ono do Pierwszej Komunii. Dlaczego w\u0142a\u015bnie tak? Zbieranie i inwestowanie pieni\u0119dzy na przysz\u0142o\u015b\u0107 m\u0142odego cz\u0142owieka warto rozpocz\u0105\u0107 na tyle wcze\u015bnie, aby wydatek, jakim jest polisa, nie sta\u0142 si\u0119\u00a0kolejnym uci\u0105\u017cliwym wydatkiem. Dodatkowo im wcze\u015bniej zaczniemy &#8220;zbieranie&#8221; tym wi\u0119ksz\u0105 kwot\u0119 otrzyma nasze dziecko po uko\u0144czeniu okre\u015blonego w umowie wieku (nie wi\u0119cej ni\u017c 25 lat).<\/p>\n<p><img loading=\"lazy\" decoding=\"async\" class=\"size-medium wp-image-443 alignleft img-responsive\" src=\"http:\/\/twojakancelaria.co\/wp-content\/uploads\/2017\/08\/saving-mistakes-300x201.jpg\" alt=\"\" width=\"300\" height=\"201\" srcset=\"https:\/\/twojakancelaria.co\/wp-content\/uploads\/2017\/08\/saving-mistakes-300x201.jpg 300w, https:\/\/twojakancelaria.co\/wp-content\/uploads\/2017\/08\/saving-mistakes-768x514.jpg 768w, https:\/\/twojakancelaria.co\/wp-content\/uploads\/2017\/08\/saving-mistakes-1024x685.jpg 1024w, https:\/\/twojakancelaria.co\/wp-content\/uploads\/2017\/08\/saving-mistakes-750x501.jpg 750w, https:\/\/twojakancelaria.co\/wp-content\/uploads\/2017\/08\/saving-mistakes.jpg 2001w\" sizes=\"auto, (max-width: 300px) 100vw, 300px\" \/><\/p>\n<h3><strong>Ile to kosztuje?<\/strong><\/h3>\n<p>Polisa posagowa nie nale\u017cy do najta\u0144szych. Jak mo\u017cna si\u0119 domy\u015bli\u0107, najlepiej jest wykupi\u0107 polis\u0119 tu\u017c po urodzeniu potomka \u2013 wtedy okres op\u0142acania sk\u0142adek jest d\u0142u\u017cszy i mo\u017cna uzbiera\u0107 du\u017cy kapita\u0142. Sk\u0142adki s\u0105 r\u00f3\u017cne i zale\u017c\u0105 przede wszystkim od wysoko\u015bci sumy ubezpieczenia (im wy\u017csza suma tym wy\u017csza sk\u0142adka), a tak\u017ce wieku dziecka. Je\u015bli rodzice maj\u0105 takie \u017cyczenie, mog\u0105 wp\u0142aca\u0107 dodatkowe kwoty w postaci sk\u0142adek dora\u017anych<\/p>\n<p>Wielu ludzi uwa\u017ca, \u017ce zakup polisy posagowej to fanaberia ludzi zamo\u017cnych S\u0105 oni \u015bwiadomi tego, \u017ce chocia\u017c ca\u0142kiem dobrze im si\u0119 powodzi, to przecie\u017c r\u00f3\u017cnie w \u017cyciu bywa. W razie ich \u015bmierci poziom \u017cycia dzieci gwa\u0142townie by si\u0119 obni\u017cy\u0142. C\u00f3rki czy synowie musieliby zrezygnowa\u0107 z prywatnych szk\u00f3\u0142, wakacji za granic\u0105, zaj\u0119\u0107 dodatkowych, takich jak jazda konna albo tenis.<\/p>\n<p>Osobom mniej zamo\u017cnym\u00a0ubezpieczenie posagowe\u00a0wydaje si\u0119 cz\u0119sto drogim i niedost\u0119pnym produktem. Paradoksalnie, to w\u0142a\u015bnie oni jednak mogliby najwi\u0119cej na nim skorzysta\u0107. Dlaczego? Je\u017celi rodzice zarabiaj\u0105 przeci\u0119tnie, to pos\u0142anie dziecka na studia, wsparcie na starcie w doros\u0142ym \u017cyciu czy urz\u0105dzenie wesela przekracza ich mo\u017cliwo\u015bci finansowe. \u015awiadczenie wyp\u0142acone z takiej polisy by\u0142oby dla nich nieocenion\u0105 zapomog\u0105.\u00a0Je\u017celi rodzice i chrzestni sk\u0142adaliby si\u0119 miesi\u0119cznie po 60-100 z\u0142 przez okres 20 lat, to uzbierana przez ten czas\u00a0kwota\u00a0mog\u0142aby by\u0107 najlepszym prezentem dla dziecka z okazji wej\u015bcia w doros\u0142o\u015b\u0107.<\/p>\n<p>Tradycyjna polisa posagowa to nie tylko inwestycja, dzi\u0119ki kt\u00f3rej doros\u0142e dziecko otrzyma gwarantowan\u0105 sum\u0119 na start w doros\u0142e \u017cycie. To przede wszystkim zabezpieczenie jego przysz\u0142o\u015bci na wypadek \u015bmierci kt\u00f3rego\u015b z rodzic\u00f3w. Taka gwarancja dla dziecka wp\u0142ywa na cen\u0119 ubezpieczenia. Jest ono dro\u017csze od klasycznej polisy na \u017cycie.<\/p>\n<p>Wyb\u00f3r polisy posagowej zawsze jest dobrym rozwi\u0105zaniem, musimy tylko pami\u0119ta\u0107, by dobra\u0107 j\u0105 do w\u0142asnych mo\u017cliwo\u015bci finansowych.<\/p>\n<h3><strong>Czy za pomoc\u0105 \u201eposag\u00f3wki\u201d mo\u017cna inwestowa\u0107 pieni\u0105dze?<\/strong><\/h3>\n<p>Polisa posagowa mo\u017ce sk\u0142ada\u0107 si\u0119 wy\u0142\u0105cznie z cz\u0119\u015bci ochronnej, a mo\u017ce r\u00f3wnie\u017c sk\u0142ada\u0107 si\u0119 z dw\u00f3ch cz\u0119\u015bci: inwestycyjnej oraz ochronnej. Mo\u017cna r\u00f3wnie\u017c zrezygnowa\u0107 z cz\u0119\u015bci ochronnej i wykupi\u0107 polis\u0119 o charakterze wy\u0142\u0105cznie inwestycyjnym. W takiej sytuacji, w razie \u015bmierci rodzica, dziecku zostanie wyp\u0142acone tylko \u015bwiadczenie w wysoko\u015bci warto\u015bci rachunku lub sumy wp\u0142aconych sk\u0142adek, o ile jest ona wy\u017csza ni\u017c wspomniana warto\u015b\u0107 rachunku. Trzeba liczy\u0107 si\u0119 z tym, \u017ce mo\u017cliwe s\u0105 zar\u00f3wno wzrosty, jak i spadki warto\u015bci. W przypadku bessy ubezpieczony mo\u017ce straci\u0107 cz\u0119\u015b\u0107 wp\u0142aconych sk\u0142adek, cho\u0107 ochrona na \u017cycie z tytu\u0142u ubezpieczenia nadal b\u0119dzie mu przys\u0142ugiwa\u0142a.<\/p>\n<p>I zn\u00f3w szeroka paleta ofert daje nam kilka mo\u017cliwo\u015bci takie jak chocia\u017cby samodzielnego zarz\u0105dzaniem budowanych oszcz\u0119dno\u015bci poprzez indywidualne decyzje inwestycyjne lub zdecydowanie si\u0119 na powierzenie tego zadania specjalistom z poszczeg\u00f3lnych towarzystw, kt\u00f3re mog\u0105 zrobi\u0107 to za nas, lub udost\u0119pni\u0107 nam modelowe portfele inwestycyjne.<\/p>\n<p>Wysoko\u015b\u0107 stopy zwrotu (a co za tym idzie \u2013 tak\u017ce Twojego zysku),\u00a0zale\u017cy od tego, kt\u00f3ry fundusz inwestycyjny wybierzesz\u00a0\u2013 te oferuj\u0105ce wy\u017csz\u0105 stop\u0119 zwrotu s\u0105 naznaczone wi\u0119kszym ryzykiem, tak wi\u0119c zysk mo\u017ce by\u0107 mniejszy od zak\u0142adanego. Nad odpowiednim wyborem strategii pod k\u0105tem potrzeb czuwaj\u0105 wykwalifikowani doradcy inwestycyjni. Bardzo cz\u0119sto \u015brodki rozdysponowane s\u0105 na kilku funduszach, aby mo\u017cliwie najbardziej zdywersyfikowa\u0107 ryzyko.<\/p>\n<p>Zalet\u0105 polisy posagowej jest zwolnienie zgromadzonych w jej ramach pieni\u0119dzy z\u00a0podatku Belki. Od \u017cadnych pieni\u0119dzy wyp\u0142acanych przez ubezpieczyciela nie trzeba oddawa\u0107 ani grosza, nawet je\u015bli cz\u0119\u015b\u0107 tych kwot stanowi\u0105 zyski z inwestowania sk\u0142adek, np. na gie\u0142dzie lub w fundusze inwestycyjne. \u015awiadczenia ubezpieczeniowe nie podlegaj\u0105 tak\u017ce podatkowi dochodowemu jak i rozwi\u0105zuj\u0105 w du\u017cej mierze sprawy spadkowe.<\/p>\n<p>Kolejnym przydatnym narz\u0119dziem jest indeksacja, kt\u00f3ra s\u0142u\u017cy to przede wszystkim urealnieniu wysoko\u015bci otrzymanego \u015bwiadczenia w przysz\u0142o\u015bci- zgromadzony kapita\u0142 pomimo up\u0142ywu czasu nie straci na warto\u015bci.<\/p>\n<p><img loading=\"lazy\" decoding=\"async\" class=\"size-medium wp-image-445 alignright img-responsive\" src=\"http:\/\/twojakancelaria.co\/wp-content\/uploads\/2017\/08\/Kids-Savings-300x201.jpeg\" alt=\"\" width=\"300\" height=\"201\" srcset=\"https:\/\/twojakancelaria.co\/wp-content\/uploads\/2017\/08\/Kids-Savings-300x201.jpeg 300w, https:\/\/twojakancelaria.co\/wp-content\/uploads\/2017\/08\/Kids-Savings-768x516.jpeg 768w, https:\/\/twojakancelaria.co\/wp-content\/uploads\/2017\/08\/Kids-Savings-750x503.jpeg 750w, https:\/\/twojakancelaria.co\/wp-content\/uploads\/2017\/08\/Kids-Savings.jpeg 800w\" sizes=\"auto, (max-width: 300px) 100vw, 300px\" \/><\/p>\n<h3>Co mo\u017cna mie\u0107 zamiast polisy posagowej?<\/h3>\n<p>Polisa posagowa jest jednym z najpopularniejszych i najbardziej korzystnych produkt\u00f3w inwestycyjno-ochronnych dla najm\u0142odszych, ale nie jedynym. Pomys\u0142\u00f3w mo\u017ce by\u0107 wiele. Wa\u017cne jest, by oszcz\u0119dzanie na przysz\u0142o\u015b\u0107 dziecka nie przebiega\u0142o jednotorowo.<\/p>\n<p>Pewn\u0105 alternatyw\u0105 dla polisy posagowej mo\u017ce by\u0107\u00a0dla niekt\u00f3rych za\u0142o\u017cenie konta oszcz\u0119dno\u015bciowego lub lokaty. Lokata bankowa bazuje na zysku procentowym z wp\u0142acanej kwoty w okre\u015blonym terminie. Produkt ten nie posiada opcji\u00a0ubezpieczenia. W razie \u015bmierci rodzica czy opiekuna, kt\u00f3ry dotychczas zajmowa\u0142 si\u0119 wp\u0142acaniem sk\u0142adek na lokat\u0119 bankow\u0105, dziecko z lokaty otrzyma tylko tyle, ile darczy\u0144ca zd\u0105\u017cy\u0142 zaoszcz\u0119dzi\u0107 przez okres trwania lokaty plus oprocentowanie za ka\u017cdy rok. Tymczasem w przypadku posag\u00f3wki\u00a0ubezpieczyciel przejmie op\u0142acanie sk\u0142adek do ko\u0144ca okresu ubezpieczeniowego.\u00a0Tym samym dziecko w momencie osi\u0105gni\u0119cia wieku okre\u015blonego na umowie przejmie ca\u0142y kapita\u0142<\/p>\n<p>Szukaj\u0105c\u00a0najlepszego rozwi\u0105zania\u00a0dla swojego wnuka mo\u017cna te\u017c wzi\u0105\u0107 pod uwag\u0119 Gie\u0142d\u0119 Papier\u00f3w Warto\u015bciowych lub obligacje rz\u0105dowe \u2013 nie tylko polskie, ale i zagraniczne. Jest tylko jeden problem \u2013 trzeba po\u015bwi\u0119ci\u0107 du\u017co czasu, aby m\u00f3c rzetelnie zorientowa\u0107 si\u0119 w temacie takiej inwestycji. Konstrukcja ubezpiecze\u0144 dla najm\u0142odszych jest znacznie prostsza i dost\u0119pna od r\u0119ki.<\/p>\n<p>Niewykluczone, \u017ce bardziej ni\u017c polis\u0119 posagow\u0105 op\u0142aca Ci si\u0119 zawrze\u0107 klasyczne ubezpieczenie na \u017cycie na do\u015b\u0107 wysok\u0105 kwot\u0119 ubezpieczenia, a opr\u00f3cz tego samodzielnie odk\u0142ada\u0107 pieni\u0105dze na dziecko, np. na koncie oszcz\u0119dno\u015bciowym, w funduszu inwestycyjnym czy w jakim\u015b planie systematycznego oszcz\u0119dzania. Dobre\u00a0produkty ubezpieczeniowe\u00a0s\u0105 na tyle elastyczne, \u017ce pozwalaj\u0105 je dostosowa\u0107 do w\u0142asnych zmieniaj\u0105cych si\u0119 potrzeb. Dlatego warto zadba\u0107 o to, aby polisa posagowa i ubezpieczenie na \u017cycie spe\u0142nia\u0142y indywidualne oczekiwania. Bezpiecze\u0144stwo dzieci, rodziny i najbli\u017cszych jest najwa\u017cniejsze.<\/p>\n<p>Je\u015bli rodzic my\u015bli wy\u0142\u0105cznie o odk\u0142adaniu i pomna\u017caniu kapita\u0142u na przysz\u0142o\u015b\u0107 swojego dziecka, wtedy idealnym rozwi\u0105zaniem okazuj\u0105 si\u0119 r\u00f3\u017cnego rodzaju programy inwestycyjne. Plusem podobnych rozwi\u0105za\u0144 jest r\u00f3wnie\u017c fakt, \u017ce s\u0105 one ta\u0144sze od\u00a0ubezpiecze\u0144 posagowych. Zakup polisy inwestycyjnej powinien by\u0107 przemy\u015blany, a jej zakres i suma ubezpieczenia odpowiednio dopasowana do mo\u017cliwo\u015bci finansowych fundatora. Jest to o tyle istotne, \u017ce umowa zawierana jest na wiele lat, co wi\u0105\u017ce si\u0119 z regularnym op\u0142acaniem sk\u0142adek. Warto te\u017c mie\u0107 \u015bwiadomo\u015b\u0107 tego, \u017ce\u00a0polisa inwestycyjna, jak sama nazwa wskazuje, wi\u0105\u017ce si\u0119 z ryzykiem inwestycyjnym, kt\u00f3ry mo\u017ce mie\u0107 wp\u0142yw na wysoko\u015b\u0107 zgromadzonych \u015brodk\u00f3w.<\/p>\n<p>Zanim wi\u0119c uznasz polis\u0119 posagow\u0105 za zb\u0119dny wydatek, przeanalizuj i rozwa\u017c wszystkie mo\u017cliwe korzy\u015bci p\u0142yn\u0105ce z jego zakupu. Przed podj\u0119ciem decyzji o zakupie ubezpieczenia, warto odby\u0107 rozmow\u0119 z kompetentnym i niezale\u017cnym doradc\u0105, porozmawia\u0107 o swoich potrzebach i oczekiwaniach wobec polisy. Mo\u017ce si\u0119 bowiem okaza\u0107, \u017ce patrzymy w nieodpowiednim kierunku oraz niedostatecznie przemy\u015bleli\u015bmy sw\u00f3j wyb\u00f3r. Pami\u0119taj, w gr\u0119 wchodzi przysz\u0142o\u015b\u0107 twojego dziecka!<\/p>\n<p>By\u0107 mo\u017ce dziecko jeszcze w tej chwili nie doceni tego, \u017ce otrzymuje od Ciebie zabezpieczenie finansowe na przysz\u0142o\u015b\u0107. Ale zrobi to, gdy po uko\u0144czeniu 18 roku \u017cycia (lub 25&#8230;) otrzyma poka\u017an\u0105 sum\u0119 pieni\u0119dzy, w sam raz na op\u0142at\u0119 studi\u00f3w lub zakup pierwszego mieszkania.<\/p>\n<p><img loading=\"lazy\" decoding=\"async\" class=\"aligncenter size-full wp-image-259 img-responsive\" src=\"http:\/\/twojakancelaria.co\/wp-content\/uploads\/2017\/07\/1-e1501576373172.jpg\" alt=\"\" width=\"500\" height=\"333\" \/><\/p>\n","protected":false},"excerpt":{"rendered":"<p>Jako rodzic wiesz, \u017ce najwa\u017cniejszym skarbem w Twoim \u017cyciu jest Twoje dziecko. Jeszcze przed narodzeniem dziecka robisz wszystko, aby ju\u017c w niemowl\u0119ctwie zapewni\u0107 mu wygodne \u017cycie. Poszukiwanie idealnego w\u00f3zka, naj\u0142agodniejszych kosmetyk\u00f3w i najwygodniejszych ubranek sp\u0119dza sen z oczu niejednej mamie. Kiedy dziecko jest ju\u017c na \u015bwiecie, rodzice dbaj\u0105 nie tylko o jego aktualne potrzeby, lecz &#8230; <a href=\"https:\/\/twojakancelaria.co\/index.php\/polisy-posagowe\/\" class=\"more-link text-uppercase small\"><strong>Continue Reading<\/strong> <i class=\"fa fa-angle-double-right\" aria-hidden=\"true\"><\/i><\/a><\/p>\n","protected":false},"author":1,"featured_media":0,"parent":0,"menu_order":0,"comment_status":"closed","ping_status":"closed","template":"","meta":{"footnotes":""},"class_list":["post-448","page","type-page","status-publish","hentry"],"_links":{"self":[{"href":"https:\/\/twojakancelaria.co\/index.php\/wp-json\/wp\/v2\/pages\/448","targetHints":{"allow":["GET"]}}],"collection":[{"href":"https:\/\/twojakancelaria.co\/index.php\/wp-json\/wp\/v2\/pages"}],"about":[{"href":"https:\/\/twojakancelaria.co\/index.php\/wp-json\/wp\/v2\/types\/page"}],"author":[{"embeddable":true,"href":"https:\/\/twojakancelaria.co\/index.php\/wp-json\/wp\/v2\/users\/1"}],"replies":[{"embeddable":true,"href":"https:\/\/twojakancelaria.co\/index.php\/wp-json\/wp\/v2\/comments?post=448"}],"version-history":[{"count":3,"href":"https:\/\/twojakancelaria.co\/index.php\/wp-json\/wp\/v2\/pages\/448\/revisions"}],"predecessor-version":[{"id":456,"href":"https:\/\/twojakancelaria.co\/index.php\/wp-json\/wp\/v2\/pages\/448\/revisions\/456"}],"wp:attachment":[{"href":"https:\/\/twojakancelaria.co\/index.php\/wp-json\/wp\/v2\/media?parent=448"}],"curies":[{"name":"wp","href":"https:\/\/api.w.org\/{rel}","templated":true}]}}