{"id":414,"date":"2017-08-14T14:55:06","date_gmt":"2017-08-14T12:55:06","guid":{"rendered":"http:\/\/twojakancelaria.co\/?page_id=414"},"modified":"2018-03-09T11:46:51","modified_gmt":"2018-03-09T10:46:51","slug":"ubezpieczenia-zyciowe","status":"publish","type":"page","link":"https:\/\/twojakancelaria.co\/index.php\/ubezpieczenia-zyciowe\/","title":{"rendered":"Ubezpieczenia \u017cyciowe"},"content":{"rendered":"<p>Widzia\u0142em ostatnio kilka wynik\u00f3w bada\u0144 i sonda\u017cy dotycz\u0105cych naszej przezorno\u015bci, odpowiedzialno\u015bci za losy bliskich i rodzin. Do\u015b\u0107 mocno mn\u0105 ta lektura wstrz\u0105sn\u0119\u0142a, bo z cyferek wynika\u0142o niezbicie, \u017ce do\u015b\u0107 odwa\u017cnie poczynamy sobie z rosyjsk\u0105 ruletk\u0105, jak\u0105 jest \u017cycie.<strong>\u00a0Nie zastanawiamy si\u0119 nad tym \u201eco by by\u0142o gdyby by\u0142o\u201d, \u017cyjemy chwil\u0105 i beztrosko zak\u0142adamy, \u017ce \u017cadna k\u0142oda nie pojawi si\u0119 na naszej drodze<\/strong>. Oczywi\u015bcie, \u017cycz\u0119 wszystkim \u2013 tak\u017ce sobie i moim bliskim \u2013 \u017ceby tak by\u0142o, ale\u2026<\/p>\n<p>To, \u017ce po\u0142owa Polak\u00f3w nie ma \u017cadnych oszcz\u0119dno\u015bci \u201ena czarn\u0105 godzin\u0119\u201d jestem w stanie zrozumie\u0107 \u2013 nasze dochody s\u0105 wci\u0105\u017c niskie i cz\u0119\u015b\u0107 os\u00f3b z ledwo\u015bci\u0105 jest w stanie zaspokoi\u0107 swoje podstawowe potrzeby, nie m\u00f3wi\u0105c ju\u017c o fanaberiach takich jak nape\u0142nianie pieni\u0119dzmi finansowej poduszki na przysz\u0142o\u015b\u0107. Ale jednocze\u015bnie\u00a0<strong>niech\u0119tnie kupujemy jakiekolwiek ubezpieczenia, kt\u00f3re w za\u0142o\u017ceniu maj\u0105 chroni\u0107 nas i nasze rodziny przed finansowymi skutkami nieszcz\u0119\u015b\u0107, pecha i niefartu<\/strong>.<\/p>\n<p>Z bada\u0144 wynika, \u017ce je\u015bli ju\u017c mamy jak\u0105\u015b polis\u0119, to jest to \u201egrup\u00f3wka\u201d kupiona w zak\u0142adzie pracy (cz\u0119sto niestety zapewniaj\u0105ca atrap\u0119 ochrony za przyst\u0119pn\u0105 cen\u0119 ;-)) albo jaka\u015b obowi\u0105zkowa polisa, kt\u00f3rej brak oznacza\u0142by dla nas kar\u0119 od urz\u0119dnik\u00f3w (np. komunikacyjne OC). Dobrowolnie od nieszcz\u0119\u015bliwych zdarze\u0144 ubezpiecza si\u0119 kilkana\u015bcie procent Polak\u00f3w, za\u015b ubezpieczenia zdrowotne kupuje \u201edu\u017ce\u201d kilka procent. Zatem gromadnie uwa\u017camy, \u017ce nic z\u0142ego nam si\u0119 w \u017cyciu nie przydarzy i wszyscy b\u0119dziemy \u017cyli d\u0142ugo i szcz\u0119\u015bliwie. M\u0142odzi Bogowie po prostu\u00a0\ud83d\ude09<\/p>\n<h4>Dlaczego ubezpieczamy maj\u0105tek, a nie ubezpieczamy r\u0105k, kt\u00f3re pozwalaj\u0105 nam zarabia\u0107?<\/h4>\n<p><strong>Wi\u0119kszo\u015b\u0107 z moich znajomych ma ubezpieczenie mieszkania, bo \u2013 ca\u0142kiem s\u0142usznie \u2013 uwa\u017ca, \u017ce nale\u017cy zabezpieczy\u0107 przed ryzykiem zniszczenia to, czego si\u0119 dorobili przez d\u0142ugie lata ci\u0119\u017ckiej pracy<\/strong>. Porz\u0105dne ubezpieczenie mieszkania i sprz\u0119t\u00f3w domowych nie tylko od katastrof naturalnych (wybuch, po\u017car, zalanie), ale te\u017c od dzia\u0142alno\u015bci z\u0142odziei, to koszt kilkuset z\u0142otych w skali roku. Niema\u0142o, ale nie po to przez ca\u0142e \u017cycie do czego\u015b dochodzili\u015bmy, \u017ceby w jednej chwili wszystko straci\u0107.\u00a0<strong>Ci sami znajomi stosunkowo rzadko maj\u0105 polis\u0119 na \u017cycie<\/strong>\u00a0(a je\u015bli ju\u017c to tak\u0105 najta\u0144sz\u0105, bo np. wymaga jej bank),\u00a0<strong>a jeszcze rzadziej \u2013 polis\u0119 od powa\u017cnych zachorowa\u0144.<\/strong><\/p>\n<p>Czy to ma sens?\u00a0<strong>Zabezpieczamy przedmioty, kt\u00f3rych si\u0119 dorobili\u015bmy, owoce naszej pracy, a nie zabezpieczamy \u201eaparatury\u201d, kt\u00f3ra zapewnia nam mo\u017cliwo\u015b\u0107 pracowania i dorabiania si\u0119.<\/strong>\u00a0A wi\u0119c w\u0142asnych r\u0105k, n\u00f3g, g\u0142owy, najog\u00f3lniej zdrowia. Gdyby\u015bmy nie mieli ubezpieczonego mieszkania i z jakiej\u015b przyczyny ono by si\u0119 zanihilowa\u0142o, to by\u0142oby oczywi\u015bcie bardzo \u017ale i smutno. Ale mo\u017cna zakasa\u0107 r\u0119kawy i zacz\u0105\u0107 od nowa. A jak zepsuje nam si\u0119 zdrowie wskutek choroby lub nieszcz\u0119\u015bliwego wypadku? Mo\u017cemy ju\u017c na zawsze straci\u0107 zdolno\u015b\u0107 osi\u0105gania poprzedniej wydajno\u015bci pracy lub pracowania w og\u00f3le.<\/p>\n<p>\u201eDlaczego to robisz, do jasnej cholery?\u201d \u2013 zdarza mi si\u0119 zapyta\u0107 znajomego po czwartym piwie, gdy rozmowa schodzi na tak \u015bliskie tematy jak ubezpieczenia (po czwartym piwie schodzi rzadko, ale i tak cz\u0119\u015bciej, ni\u017c na trze\u017awo ;-)). Odpowied\u017a?<\/p>\n<ul>\n<li>Najcz\u0119\u015bciej: \u201ewiesz, nigdy si\u0119 nad tym nie zastanawia\u0142em\u201d.<\/li>\n<li>Rzadziej: \u201eUbezpieczenia to pic, firmy ubezpieczeniowe to kanciarze, p\u0142acisz sk\u0142adki, a potem i tak ci nic nie wyp\u0142ac\u0105\u201d.<\/li>\n<li>Zdarza si\u0119 te\u017c odpowied\u017a: \u201eBy\u0142 u mnie kiedy\u015b agent i pr\u00f3bowa\u0142 wcisn\u0105\u0107 ubezpieczenie od ci\u0119\u017ckich chor\u00f3b, ale by\u0142o tak drogie, \u017ce go pogoni\u0142em\u201d.<\/li>\n<\/ul>\n<p>Nie wiem, kt\u00f3rej odpowiedzi by\u015bcie udzielili, gdybym Was zapyta\u0142 o to dlaczego macie ubezpieczone mieszkanie, a nie zadbali\u015bcie o ubezpieczenie zdrowia, chocia\u017c jest pi\u0119\u0107 razy wa\u017cniejsze, ni\u017c maj\u0105tek. Albo dlaczego ubezpieczyli\u015bcie cudzy samoch\u00f3d od zniszczenia (bo do tego sprowadza si\u0119 komunikacyjne OC), a nie macie polisy od w\u0142asnej ci\u0119\u017ckiej choroby. Ale rozumiem ka\u017cdego, kto powo\u0142uje si\u0119 na jedn\u0105 z tych trzech odpowiedzi. Bo sam jaki\u015b czas temu walczy\u0142em z tymi dylematami.<\/p>\n<h4>Pomy\u015bl chwil\u0119 o przysz\u0142o\u015bci. I o \u015bwi\u0119tym spokoju<\/h4>\n<p>Wiadomo, \u017ce nie ka\u017cde ubezpieczenie jest dobre (zdarzaj\u0105 si\u0119 takie, kt\u00f3rych nie poleci\u0142bym najgorszemu wrogowi), nie zawsze potrafimy wybra\u0107 to, kt\u00f3re b\u0119dzie dla nas najlepsze. I nie zawsze potrafimy oceni\u0107 ile warto zap\u0142aci\u0107. B\u0119d\u0119 stara\u0142 si\u0119 Was zap\u0142odni\u0107 my\u015bl\u0105 o tym, \u017ce warto przynajmniej zastanowi\u0107 si\u0119 nad takim zabezpieczeniem, a je\u015bli ju\u017c to zrobicie \u2013 podpowiem na co zwr\u00f3ci\u0107 uwag\u0119, jak por\u00f3wnywa\u0107 oferty, kt\u00f3re zapisy w polisach s\u0105 pu\u0142apkami i jak odr\u00f3\u017cni\u0107 polis\u0119 dobr\u0105 od z\u0142ej. I jak wybra\u0107 dobr\u0105 jako\u015b\u0107 za przyzwoit\u0105 cen\u0119.<\/p>\n<p><strong>Polisa ubezpieczeniowa \u2013 ka\u017cda, niezale\u017cnie od tego czy chronimy maj\u0105tek, \u017cycie czy zdrowie \u2013 to cena \u015bwi\u0119tego spokoju.<\/strong>\u00a0P\u0142acisz ile\u015b-tam z\u0142otych i dzi\u0119ki temu nie musisz si\u0119 martwi\u0107 o to, co b\u0119dzie gdy dopadnie Ci\u0119 pech. \u015awi\u0119ty spok\u00f3j jest dobrem \u201eniewymiernym\u201d, docenianym dopiero wtedy, gdy co\u015b si\u0119 stanie. Wszyscy ubezpieczeni zrzucaj\u0105 si\u0119 na jednego pechowca, kt\u00f3rego co\u015b z\u0142ego spotka\u0142o \u2013 to w\u0142a\u015bnie istota ubezpiecze\u0144. \u015awi\u0119ty spok\u00f3j dostaj\u0105 wszyscy, a ten jeden pechowiec dostaje pieni\u0105dze.<\/p>\n<p><img loading=\"lazy\" decoding=\"async\" class=\"wp-image-3855 aligncenter img-responsive\" src=\"http:\/\/subiektywnieofinansach.pl\/wp-content\/uploads\/2017\/07\/swiety-spokoj-300x300.jpg\" sizes=\"auto, (max-width: 501px) 100vw, 501px\" srcset=\"http:\/\/subiektywnieofinansach.pl\/wp-content\/uploads\/2017\/07\/swiety-spokoj-300x300.jpg 300w, http:\/\/subiektywnieofinansach.pl\/wp-content\/uploads\/2017\/07\/swiety-spokoj-150x150.jpg 150w, http:\/\/subiektywnieofinansach.pl\/wp-content\/uploads\/2017\/07\/swiety-spokoj.jpg 529w\" alt=\"\" width=\"501\" height=\"501\" \/><\/p>\n<p>Najwa\u017cniejsze dla mnie jest \u017ceby\u015b zacz\u0105\u0142 si\u0119 zastanawia\u0107 nad tym co Ci\u0119 mo\u017ce czeka\u0107 w przysz\u0142o\u015bci i rozwa\u017cy\u0142 zakup jakiejkolwiek polisy chroni\u0105cej Ciebie przed r\u00f3\u017cnymi nieszcz\u0119\u015bciami (w tym niemo\u017cno\u015bci\u0105 pracowania, czasow\u0105 lub trwa\u0142\u0105). I\u00a0<strong>\u017ceby\u015b \u2013 je\u015bli ju\u017c si\u0119 na zakup takiej polisy zdecydujesz \u2013 wzi\u0105\u0142 polis\u0119 porz\u0105dn\u0105, a nie byle jak\u0105.<\/strong><\/p>\n<h4>Jakie wypadki chodz\u0105 po ludziach, czyli Lotto wysiada<\/h4>\n<p>Co Ci\u0119 czeka w przysz\u0142o\u015bci? Oby same dobre rzeczy. Ale nie wszystkim, niestety, dziej\u0105 si\u0119 wy\u0142\u0105cznie dobre rzeczy. Przypominamy sobie o tym \u2013 ale przewa\u017cnie tylko na kr\u00f3tko \u2013 gdy w telewizji tr\u0105bi\u0105 o \u015bmierci w m\u0142odym wieku m\u0142odej aktorki, czy sportowca. Albo kiedy oka\u017ce si\u0119, \u017ce jaka\u015b ci\u0119\u017cka choroba dopad\u0142a kogo\u015b z rodziny. I \u017ce skierowanie z klauzul\u0105 \u201epilne\u201d do szpitala na operacj\u0119 powoduje, \u017ce \u00f3w pechowiec dostanie si\u0119 do lekarza np. za p\u00f3\u0142 roku.<\/p>\n<p>Najbardziej do wyobra\u017ani przemawia nam rak. Nie jest to najwi\u0119ksza zdrowotna zgryzota Polak\u00f3w, ale rakiem przestraszy\u0107 nas naj\u0142atwiej (z czego zreszt\u0105 ch\u0119tnie korzystaj\u0105 firmy ubezpieczeniowe reklamuj\u0105c polisy \u201eantyrakowe\u201d).<strong>\u00a0Liczba os\u00f3b choruj\u0105cych na nowotwory zwi\u0119ksza si\u0119 o kilka tysi\u0119cy os\u00f3b rocznie i przekroczy\u0142a w zesz\u0142ym roku 180.000 pacjent\u00f3w<\/strong>. To oznacza, \u017ce owo\u00a0<strong>badziewie dopada mniej wi\u0119cej co dwusetnego Polaka.<\/strong>Du\u017co? Ma\u0142o? Oce\u0144 sam. Podobno niekt\u00f3rzy boj\u0105 si\u0119 lata\u0107 samolotami, cho\u0107 tylko jeden lot na cztery miliony ko\u0144czy si\u0119 jak\u0105\u015b awari\u0105 (niekoniecznie katastrof\u0105).<\/p>\n<p>Na niewydolno\u015b\u0107 uk\u0142adu kr\u0105\u017cenia choruje w Polsce mniej wi\u0119cej milion os\u00f3b i w ci\u0105gu najbli\u017cszych kilkunastu lat ta liczba mo\u017ce wzrosn\u0105\u0107 o 250.000 os\u00f3b (ludzie b\u0119d\u0105 na to umiera\u0107, ale jeszcze szybciej b\u0119dzie si\u0119 namna\u017ca\u0142a liczba choruj\u0105cych). Po\u0142owa z 400.000 zgon\u00f3w rocznie to w\u0142a\u015bnie \u201ezas\u0142uga\u201d chor\u00f3b kr\u0105\u017cenia. Na cukrzyc\u0119 \u2013 najpopularniejsz\u0105 chorob\u0119 cywilizacyjn\u0105 \u2013 choruje w kraju ju\u017c 2,7 mln os\u00f3b (z czego p\u00f3\u0142 miliona jeszcze o tym nie wie).<\/p>\n<p>Nieszcz\u0119\u015bliwe wypadki? Same tylko wypadki samochodowe to jakie\u015b 35.000 zdarze\u0144 rocznie oraz 43.000 os\u00f3b poszkodowanych (lekko rannych lub doprowadzonych do inwalidztwa). Czyli\u00a0<strong>co pi\u0119\u0107setna osoba kieruj\u0105ca samochodem ulega wypadkowi<\/strong>. Du\u017co? Ma\u0142o? Oce\u0144 sam. Dla por\u00f3wnania: prawdopodobie\u0144stwo wygranej w Lotto wynosi 1:14.000.000. I wszyscy graj\u0105 :-).<\/p>\n<p><img loading=\"lazy\" decoding=\"async\" class=\"wp-image-1207 aligncenter img-responsive\" src=\"http:\/\/subiektywnieofinansach.pl\/wp-content\/uploads\/2017\/03\/lotto-300x170.jpg\" sizes=\"auto, (max-width: 634px) 100vw, 634px\" srcset=\"http:\/\/subiektywnieofinansach.pl\/wp-content\/uploads\/2017\/03\/lotto-300x170.jpg 300w, http:\/\/subiektywnieofinansach.pl\/wp-content\/uploads\/2017\/03\/lotto-768x435.jpg 768w, http:\/\/subiektywnieofinansach.pl\/wp-content\/uploads\/2017\/03\/lotto-610x345.jpg 610w, http:\/\/subiektywnieofinansach.pl\/wp-content\/uploads\/2017\/03\/lotto.jpg 972w\" alt=\"\" width=\"634\" height=\"359\" \/><\/p>\n<p>No dobra, nie wszyscy, z ostatnich bada\u0144 wynika, \u017ce gra \u201etylko\u201d 53% Polak\u00f3w i \u017ce trzech na pi\u0119ciu wierzy w wygran\u0105. Od nieszcz\u0119\u015bliwych wypadk\u00f3w ubezpiecza si\u0119 15% Polak\u00f3w, cho\u0107\u00a0<strong>prawdopodobie\u0144stwo \u015bmierci w nieszcz\u0119\u015bliwym wypadku jest 500 razy wi\u0119ksze, ni\u017c prawdopodobie\u0144stwo wygranej w Lotto<\/strong>\u00a0(nie m\u00f3wi\u0105c ju\u017c o prawdopodobie\u0144stwie, \u017ce si\u0119 ucierpi w wypadku, lecz prze\u017cyje).<\/p>\n<h4>Strategiczne pytanie: jaka suma zapewni\u0142aby ci poczucie bezpiecze\u0144stwa?<\/h4>\n<p>Mam nadziej\u0119, \u017ce tych kilka liczb pokaza\u0142o Ci, i\u017c to nie jest tak, \u017ce nic nie mo\u017ce si\u0119 sta\u0107. Owszem, trzeba wierzy\u0107, \u017ce si\u0119 nie stanie, ale warto te\u017c pomy\u015ble\u0107 o tym, by mie\u0107 jaki\u0107 backup na wszelki wypadek. Szanse w ruletce o nazwie \u201e\u017cycie\u201d nie s\u0105 mo\u017ce roz\u0142o\u017cone idealnie r\u00f3wno, ale wiele rzeczy zale\u017cy od zwyk\u0142ego losu. Zastan\u00f3w si\u0119 w wolnej chwili \u2013 a w wakacje tych wolnych chwil jest wi\u0119cej, ni\u017c zwykle \u2013\u00a0<strong>jak zmieni\u0142oby si\u0119 \u017cycie Twojej rodziny gdyby w Twoim \u017cyciu zdarzy\u0142o si\u0119 co\u015b, co ograniczy\u0142oby lub ca\u0142kiem zabra\u0142o mo\u017cliwo\u015b\u0107 pracowania.<\/strong><\/p>\n<p>Ile masz miesi\u0119cznie sta\u0142ych rachunk\u00f3w do zap\u0142acenia? Na jak d\u0142ugi czas op\u0142acania sta\u0142ych rachunk\u00f3w wystarczy\u0142oby Ci oszcz\u0119dno\u015bci gdyby co\u015b niebezpiecznego (wypadek, choroba) si\u0119 wydarzy\u0142o? Z jak du\u017cym kredytem do sp\u0142acenia zostaliby Twoi bliscy, gdyby\u015b strukturalnie straci\u0142 mo\u017cliwo\u015b\u0107 pracowania?\u00a0<strong>Ile pieni\u0119dzy potrzebowa\u0142by\u015b, \u017ceby zapewni\u0107 bliskim cho\u0107by por\u00f3wnywalny standard \u017cycia do obecnego w sytuacji, gdyby \u201eco\u015b\u201d si\u0119 wydarzy\u0142o?<\/strong><\/p>\n<p>W \u015bwiecie ubezpiecze\u0144 s\u0105 dwie proste zasady. Pierwsza m\u00f3wi, \u017ce\u00a0<strong>warto mie\u0107 ubezpieczenie na wypadek \u015bmierci lub niemo\u017cno\u015bci pracowania warte tyle, ile wynosz\u0105 nasze roczne dochody<\/strong>. To oznacza, \u017ce w przypadku zawirowa\u0144 w \u017cyciu (tak\u017ce tych zako\u0144czonych skutkiem \u015bmiertelnym) b\u0119dziesz mia\u0142 (lub Twoi bliscy) kas\u0119 przez rok na zreorganizowanie si\u0119 \u2013 np. sprzeda\u017c zb\u0119dnych sk\u0142adnik\u00f3w maj\u0105tku, znalezienie nowej pracy, rezygnacj\u0119 z drogich szk\u00f3\u0142 dla dzieci na rzecz ta\u0144szych itp.<\/p>\n<p>Druga zasada m\u00f3wi, \u017ce\u00a0<strong>polisa zabezpieczaj\u0105ca przed finansowymi konsekwencjami przedwczesnej \u015bmierci lub ci\u0119\u017ckiej choroby<\/strong>(uniemo\u017cliwiaj\u0105cej prac\u0119)\u00a0<strong>powinna wynosi\u0107 mniej wi\u0119cej tyle, ile dwu-trzyletnie koszty utrzymania<\/strong>\u00a0(czyli sta\u0142e rachunki). Chodzi o to, \u017ceby w kryzysowej sytuacji mie\u0107 kas\u0119 na leczenie, a jednocze\u015bnie \u017ceby rodzina nie przymiera\u0142a w tym czasie g\u0142odem.<\/p>\n<p>Warto czasem\u00a0<strong>u\u015bwiadomi\u0107 sobie ile jeste\u015bmy warci.<\/strong>\u00a0Policz ile rocznie zarabiasz. Mo\u017ce 30.000 z\u0142, a mo\u017ce 300.000 z\u0142. To jest Twoja warto\u015b\u0107, Twoja cena. Ludzie zamo\u017cni to rozumiej\u0105, dlatego aktorki ubezpieczaj\u0105 swoje po\u015bladki, a \u015bpiewacy \u2013 struny g\u0142osowe. Ale, paradoksalnie, to nie oni najbardziej potrzebuj\u0105 poczucia bezpiecze\u0144stwa na wypadek k\u0142opot\u00f3w chorobowych, ale my \u2013 zwyczajni ludzie. Bo jak s\u0142ynna aktorka nie b\u0119dzie mog\u0142a ju\u017c zarabia\u0107 swoim ty\u0142kiem, to b\u0119dzie zarabia\u0107 pisz\u0105c ksi\u0105\u017cki o losach tego ty\u0142ka. A jak kto\u015b z nas nagle b\u0119dzie musia\u0142 si\u0119 zaj\u0105\u0107 leczeniem zamiast prac\u0105 \u2013 bez planu B oznacza to k\u0142opoty nie tylko dla niego, ale i dla ca\u0142ej jego rodziny. A to niefajne. I to jest w\u0142a\u015bnie stawka w tej grze w ruletk\u0119 w\u0142asnym \u017cyciem, kt\u00f3r\u0105 uprawiamy je\u015bli si\u0119 nie ubezpieczamy.<\/p>\n<p><img loading=\"lazy\" decoding=\"async\" class=\"wp-image-1743 aligncenter img-responsive\" src=\"http:\/\/subiektywnieofinansach.pl\/wp-content\/uploads\/2017\/04\/ruletka-300x166.jpg\" sizes=\"auto, (max-width: 622px) 100vw, 622px\" srcset=\"http:\/\/subiektywnieofinansach.pl\/wp-content\/uploads\/2017\/04\/ruletka-300x166.jpg 300w, http:\/\/subiektywnieofinansach.pl\/wp-content\/uploads\/2017\/04\/ruletka-768x426.jpg 768w, http:\/\/subiektywnieofinansach.pl\/wp-content\/uploads\/2017\/04\/ruletka-610x338.jpg 610w, http:\/\/subiektywnieofinansach.pl\/wp-content\/uploads\/2017\/04\/ruletka.jpg 936w\" alt=\"\" width=\"622\" height=\"344\" \/><\/p>\n<h4>Ile kosztuje \u015bwi\u0119ty spok\u00f3j? Policzy\u0142em!<\/h4>\n<p>Ile to kosztuje? Zawsze za du\u017co. Ubezpieczenie jest zawsze za drogie, bo nie oprawisz go w ramki i nie powiesisz na \u015bcianie jak drogiego obrazu. To po prostu pieni\u0105dz, kt\u00f3ry wyparowuje z portfela. Czy to oznacza, \u017ce p\u0142ac\u0105c sk\u0142adki tracimy pieni\u0105dze? Nie patrzy\u0142bym tak na to.\u00a0<strong>\u201ePoczucie bezpiecze\u0144stwa? Bezcenne. Za wszystko inne zap\u0142acisz kart\u0105 Mastercard ;-))\u201d<\/strong>\u00a0\u2013 tak mog\u0142aby wygl\u0105da\u0107 reklama ubezpieczenia.<\/p>\n<p>Pierwsza zasada brzmi: lepiej mie\u0107 jak\u0105kolwiek ochron\u0119, ni\u017c \u017cadn\u0105. Nie sta\u0107 Ci\u0119 na to, \u017ceby op\u0142aci\u0107 polis\u0119 daj\u0105c\u0105 200.000 z\u0142 \u015bwiadczenia w razie ci\u0119\u017ckiej choroby? To we\u017a tak\u0105, kt\u00f3ra daje cho\u0107by 50.000 z\u0142.<strong>\u00a0Byle tylko ta polisa by\u0142a dobrze urze\u017abiona, nie mia\u0142a zbyt wielu wy\u0142\u0105cze\u0144, kruczk\u00f3w, haczyk\u00f3w, gwiazdek.<\/strong><\/p>\n<p>Druga zasada brzmi:\u00a0<strong>warto zap\u0142aci\u0107 kilka procent tego, co b\u0119dzie ci wyp\u0142acone w przypadku nieszcz\u0119\u015bcia.<\/strong>\u00a0Jeden z moich znajomych ma polis\u0119 na \u017cycie, za kt\u00f3r\u0105 p\u0142aci 132 z\u0142 miesi\u0119cznie. Polisa ma sum\u0119 200.000 z\u0142 i 20-letni okres ubezpieczenia. To oznacza, \u017ce \u00f3w znajomy w ca\u0142ym czasie obowi\u0105zywania umowy zap\u0142aci za \u201e\u015bwi\u0119ty spok\u00f3j\u201d (w tym przypadku spok\u00f3j jego rodziny) jakie\u015b 31.000 z\u0142. Zapewne i sk\u0142adka i suma ubezpieczenia s\u0105 waloryzowane inflacj\u0105, ale relacja wynosi mniej wi\u0119cej tak, \u017ce znajomy kupuje \u015bwi\u0119ty spok\u00f3j za 15% jego warto\u015bci.<\/p>\n<p>Ja mam nieco inn\u0105 polis\u0119 \u2013 na \u017cycie i od kilku mo\u017cliwych wydarze\u0144, kt\u00f3re uniemo\u017cliwi\u0142yby mi prac\u0119 (np. utrata r\u0119ki lub wzroku). P\u0142ac\u0119 ok. 300 z\u0142 miesi\u0119cznie, a suma ubezpieczenia na pi\u0119\u0107 najbli\u017cszych lat jest zafiksowana na ponad 300.000 z\u0142. Czyli<strong>\u00a0przez pi\u0119\u0107 lat zap\u0142ac\u0119 za m\u00f3j \u015bwi\u0119ty spok\u00f3j 6% jego warto\u015bci.<\/strong>\u00a0M\u00f3j znajomy zap\u0142aci relatywnie mniej, bo jego \u015bwi\u0119ty spok\u00f3j b\u0119dzie kosztowa\u0142 15% w ci\u0105gu 20 lat, a m\u00f3j 6% w ci\u0105gu lat pi\u0119ciu.<\/p>\n<p>Jeszcze inny znajomy ma polis\u0119, za kt\u00f3r\u0105 p\u0142aci 460 z\u0142 miesi\u0119cznie. To ju\u017c jest sporo, ale polisa ta zawiera nie tylko odszkodowanie 200.000 z\u0142 dla rodziny, gdyby \u00f3w znajomy w ci\u0105gu 20 najbli\u017cszych lat zszed\u0142 z tego pado\u0142u \u0142ez i rozpaczy. Zawiera te\u017c wyp\u0142at\u0119 w 210.000 z\u0142 w przypadku zdiagnozowania u znajomego jednej z 50 ci\u0119\u017ckich chor\u00f3b, kt\u00f3re mog\u0105 stan\u0105\u0107 mu w tym czasie na drodze oraz 260.000 z\u0142 w przypadku powa\u017cnego uszczerbku na zdrowiu po nieszcz\u0119\u015bliwym wypadku. Poza tym jest jeszcze kilka opcji dodatkowych (np. przej\u0119cie op\u0142acania sk\u0142adek).<\/p>\n<p>Gdyby znajomy chcia\u0142 mie\u0107 tylko polis\u0119 na 200.000 z\u0142 od powa\u017cnego zachorowania, to rocznie p\u0142aci\u0142by za ni\u0105 nieca\u0142e 3000 z\u0142 (czyli jakie\u015b 240 z\u0142 miesi\u0119cznie). To te\u017c oczywi\u015bcie nie s\u0105 ma\u0142e pieni\u0105dze, ale on tak w\u0142a\u015bnie wyceni\u0142 swoj\u0105 warto\u015b\u0107 mierzon\u0105 kilkunastomiesi\u0119cznymi zarobkami. Gdyby ci\u0119\u017cko zachorowa\u0142, tyle w\u0142a\u015bnie by straci\u0142 przez to, \u017ce nie by\u0142by w stanie pracowa\u0107. A nie jest to etatowiec, lecz przedsi\u0119biorca, wi\u0119c pa\u0144stwo \u017cadnych zasi\u0142k\u00f3w by mu nie wyp\u0142aca\u0142o.<\/p>\n<h4>Jak nie da\u0107 si\u0119 nabra\u0107 na badziewiast\u0105 nibypolis\u0119?<\/h4>\n<p>Jak widzisz, opcji do wyboru jest sporo.\u00a0<strong>Kogo nie sta\u0107 na ochron\u0119 na 200.000 z\u0142 i p\u0142acenie po 240 z\u0142 sk\u0142adki, mo\u017ce kupi\u0107 mniejsz\u0105 \u201eporcj\u0119\u201d \u015bwi\u0119tego spokoju za z\u0142otych kilkadziesi\u0105t.<\/strong>\u00a0Czy w naszych domowych bud\u017cetach taki pieni\u0105dz mo\u017ce si\u0119 znale\u017a\u0107? Nie wiem ile zarabiasz, ale kiedy\u015b na sobie sprawdzi\u0142em \u2013 przez p\u00f3\u0142 roku skrupulatnie spisuj\u0105c swoje dochody \u2013 \u017ce<strong>\u00a012% moich wydatk\u00f3w to jest przepalanie kasy na rzeczy niepotrzebne\u00a0<\/strong>(jakie\u015b abonamenty, z kt\u00f3rych nie korzystam, wyrzucone jedzenie, przep\u0142acone us\u0142ugi). I to by\u0142o znacznie wi\u0119cej, ni\u017c kilkadziesi\u0105t z\u0142otych miesi\u0119cznie.<\/p>\n<p>Prosz\u0119 ci\u0119 tylko o jedno: pomy\u015bl troch\u0119 o tym czy przypadkiem nie warto by\u0142oby mie\u0107 finansowe zabezpieczenie na wypadek rzeczy, kt\u00f3re niekt\u00f3rych z nas (jednego na kilkuset) w \u017cyciu spotykaj\u0105.<\/p>\n<p>Subiektywnie o finansach &#8211; Maciej Samcik.<\/p>\n<p><strong>Dla Pa\u0144stwa jest zysk, ci\u0119\u017cka praca jest dla nas<\/strong><br \/>\n<img loading=\"lazy\" decoding=\"async\" class=\"aligncenter size-full wp-image-259 img-responsive\" src=\"http:\/\/twojakancelaria.co\/wp-content\/uploads\/2017\/07\/1-e1501576373172.jpg\" alt=\"\" width=\"500\" height=\"333\" \/><\/p>\n","protected":false},"excerpt":{"rendered":"<p>Widzia\u0142em ostatnio kilka wynik\u00f3w bada\u0144 i sonda\u017cy dotycz\u0105cych naszej przezorno\u015bci, odpowiedzialno\u015bci za losy bliskich i rodzin. Do\u015b\u0107 mocno mn\u0105 ta lektura wstrz\u0105sn\u0119\u0142a, bo z cyferek wynika\u0142o niezbicie, \u017ce do\u015b\u0107 odwa\u017cnie poczynamy sobie z rosyjsk\u0105 ruletk\u0105, jak\u0105 jest \u017cycie.\u00a0Nie zastanawiamy si\u0119 nad tym \u201eco by by\u0142o gdyby by\u0142o\u201d, \u017cyjemy chwil\u0105 i beztrosko zak\u0142adamy, \u017ce \u017cadna k\u0142oda &#8230; <a href=\"https:\/\/twojakancelaria.co\/index.php\/ubezpieczenia-zyciowe\/\" class=\"more-link text-uppercase small\"><strong>Continue Reading<\/strong> <i class=\"fa fa-angle-double-right\" aria-hidden=\"true\"><\/i><\/a><\/p>\n","protected":false},"author":1,"featured_media":0,"parent":0,"menu_order":0,"comment_status":"closed","ping_status":"closed","template":"","meta":{"footnotes":""},"class_list":["post-414","page","type-page","status-publish","hentry"],"_links":{"self":[{"href":"https:\/\/twojakancelaria.co\/index.php\/wp-json\/wp\/v2\/pages\/414","targetHints":{"allow":["GET"]}}],"collection":[{"href":"https:\/\/twojakancelaria.co\/index.php\/wp-json\/wp\/v2\/pages"}],"about":[{"href":"https:\/\/twojakancelaria.co\/index.php\/wp-json\/wp\/v2\/types\/page"}],"author":[{"embeddable":true,"href":"https:\/\/twojakancelaria.co\/index.php\/wp-json\/wp\/v2\/users\/1"}],"replies":[{"embeddable":true,"href":"https:\/\/twojakancelaria.co\/index.php\/wp-json\/wp\/v2\/comments?post=414"}],"version-history":[{"count":2,"href":"https:\/\/twojakancelaria.co\/index.php\/wp-json\/wp\/v2\/pages\/414\/revisions"}],"predecessor-version":[{"id":591,"href":"https:\/\/twojakancelaria.co\/index.php\/wp-json\/wp\/v2\/pages\/414\/revisions\/591"}],"wp:attachment":[{"href":"https:\/\/twojakancelaria.co\/index.php\/wp-json\/wp\/v2\/media?parent=414"}],"curies":[{"name":"wp","href":"https:\/\/api.w.org\/{rel}","templated":true}]}}